{"id":279518,"date":"2025-06-06T06:32:27","date_gmt":"2025-06-06T06:32:27","guid":{"rendered":"https:\/\/tequilacasafina.com\/?page_id=279518"},"modified":"2025-07-11T01:16:27","modified_gmt":"2025-07-11T01:16:27","slug":"tequila-casfina-blanco","status":"publish","type":"page","link":"https:\/\/tequilacasafina.com\/en\/tequila-casfina-blanco\/","title":{"rendered":"CASAFINA BLANCO TEQUILA"},"content":{"rendered":"<p>[et_pb_section fb_built=&#8221;1&#8243; fullwidth=&#8221;on&#8221; _builder_version=&#8221;4.27.4&#8243; _module_preset=&#8221;default&#8221; global_colors_info=&#8221;{}&#8221;][et_pb_fullwidth_image src=&#8221;https:\/\/tequilacasafina.com\/wp-content\/uploads\/2025\/07\/BLANCO-PORTADA_.jpg&#8221; title_text=&#8221;BLANCO-PORTADA_&#8221; _builder_version=&#8221;4.27.4&#8243; _module_preset=&#8221;default&#8221; custom_padding_tablet=&#8221;||||true|false&#8221; custom_padding_phone=&#8221;||||true|false&#8221; custom_padding_last_edited=&#8221;on|phone&#8221; global_colors_info=&#8221;{}&#8221;][\/et_pb_fullwidth_image][\/et_pb_section][et_pb_section fb_built=&#8221;1&#8243; _builder_version=&#8221;4.27.4&#8243; _module_preset=&#8221;default&#8221; background_color=&#8221;rgba(255,255,255,0.9)&#8221; background_image=&#8221;https:\/\/tequilacasafina.com\/wp-content\/uploads\/2024\/02\/Fondo-5.png&#8221; background_blend=&#8221;soft-light&#8221; global_colors_info=&#8221;{}&#8221;][et_pb_row column_structure=&#8221;3_5,2_5&#8243; use_custom_gutter=&#8221;on&#8221; gutter_width=&#8221;1&#8243; custom_padding_last_edited=&#8221;on|phone&#8221; _builder_version=&#8221;4.27.4&#8243; _module_preset=&#8221;default&#8221; width=&#8221;100%&#8221; max_width=&#8221;1920px&#8221; custom_margin_last_edited=&#8221;off|phone&#8221; custom_padding_tablet=&#8221;&#8221; custom_padding_phone=&#8221;|15px||15px|false|true&#8221; global_colors_info=&#8221;{}&#8221;][et_pb_column type=&#8221;3_5&#8243; _builder_version=&#8221;4.27.4&#8243; _module_preset=&#8221;default&#8221; global_colors_info=&#8221;{}&#8221;][et_pb_text _builder_version=&#8221;4.27.4&#8243; _module_preset=&#8221;default&#8221; header_font=&#8221;&#8211;et_global_heading_font|700|||||||&#8221; header_text_align=&#8221;center&#8221; header_text_color=&#8221;#007068&#8243; header_font_size=&#8221;82px&#8221; header_2_font=&#8221;&#8211;et_global_heading_font|600|||||||&#8221; header_2_text_align=&#8221;center&#8221; header_2_font_size=&#8221;42px&#8221; custom_margin=&#8221;245px||||false|false&#8221; custom_margin_tablet=&#8221;0px||||false|false&#8221; custom_margin_phone=&#8221;0px||||false|false&#8221; custom_margin_last_edited=&#8221;on|phone&#8221; header_font_size_tablet=&#8221;74px&#8221; header_font_size_phone=&#8221;38px&#8221; header_font_size_last_edited=&#8221;on|phone&#8221; header_2_font_size_tablet=&#8221;32px&#8221; header_2_font_size_phone=&#8221;18px&#8221; header_2_font_size_last_edited=&#8221;on|phone&#8221; global_colors_info=&#8221;{}&#8221;]<\/p>\n<h1>TEQUILA CASAFINA BLANCO<\/h1>\n<h2>Frescura, pureza y car\u00e1cter en cada sorbo.<\/h2>\n<p>&nbsp;<\/p>\n<p>[\/et_pb_text][\/et_pb_column][et_pb_column type=&#8221;2_5&#8243; _builder_version=&#8221;4.27.4&#8243; _module_preset=&#8221;default&#8221; global_colors_info=&#8221;{}&#8221;][et_pb_image src=&#8221;https:\/\/tequilacasafina.com\/wp-content\/uploads\/2025\/01\/Tequila-blanco-medals-scaled.webp&#8221; title_text=&#8221;Tequila blanco medals&#8221; align=&#8221;center&#8221; _builder_version=&#8221;4.27.4&#8243; _module_preset=&#8221;default&#8221; width=&#8221;50%&#8221; global_colors_info=&#8221;{}&#8221;][\/et_pb_image][\/et_pb_column][\/et_pb_row][et_pb_row column_structure=&#8221;1_3,1_3,1_3&#8243; use_custom_gutter=&#8221;on&#8221; gutter_width=&#8221;1&#8243; _builder_version=&#8221;4.27.4&#8243; _module_preset=&#8221;default&#8221; width=&#8221;100%&#8221; max_width=&#8221;1920px&#8221; global_colors_info=&#8221;{}&#8221;][et_pb_column type=&#8221;1_3&#8243; _builder_version=&#8221;4.27.4&#8243; _module_preset=&#8221;default&#8221; global_colors_info=&#8221;{}&#8221;][et_pb_blurb title=&#8221;Notas arom\u00e1ticas:&#8221; image=&#8221;https:\/\/tequilacasafina.com\/wp-content\/uploads\/2025\/06\/AROMA.svg&#8221; image_icon_width=&#8221;25%&#8221; icon_alignment=&#8221;left&#8221; image_icon_width_tablet=&#8221;25%&#8221; image_icon_width_phone=&#8221;25%&#8221; image_icon_width_last_edited=&#8221;on|desktop&#8221; _builder_version=&#8221;4.27.4&#8243; _module_preset=&#8221;default&#8221; header_font=&#8221;&#8211;et_global_heading_font|600||on|||||&#8221; header_text_color=&#8221;#007068&#8243; custom_padding_tablet=&#8221;&#8221; custom_padding_phone=&#8221;|25px||25px|false|true&#8221; custom_padding_last_edited=&#8221;on|phone&#8221; child_filter_hue_rotate=&#8221;320deg&#8221; global_colors_info=&#8221;{}&#8221;]<\/p>\n<p><strong>Una bienvenida limpia y brillante:<\/strong><\/p>\n<ul>\n<li>Agave cocido con toques de <strong>panela<\/strong> y <strong>miel ligera<\/strong><\/li>\n<li>C\u00edtricos vivos como <strong>toronja<\/strong> y <strong>c\u00e1scara de lima<\/strong><\/li>\n<li>Hierbas frescas: <strong>albahaca<\/strong>, <strong>eucalipto<\/strong>, <strong>menta<\/strong><\/li>\n<li>Sutiles flores blancas: <strong>flor de azahar<\/strong><\/li>\n<li>Un fondo mineral que recuerda a <strong>piedra mojada<\/strong><\/li>\n<\/ul>\n<p>[\/et_pb_blurb][\/et_pb_column][et_pb_column type=&#8221;1_3&#8243; _builder_version=&#8221;4.27.4&#8243; _module_preset=&#8221;default&#8221; global_colors_info=&#8221;{}&#8221;][et_pb_blurb title=&#8221;Paladar:&#8221; image=&#8221;https:\/\/tequilacasafina.com\/wp-content\/uploads\/2025\/06\/SABOR.svg&#8221; image_icon_width=&#8221;25%&#8221; icon_alignment=&#8221;left&#8221; image_icon_width_tablet=&#8221;25%&#8221; image_icon_width_phone=&#8221;25%&#8221; image_icon_width_last_edited=&#8221;on|desktop&#8221; _builder_version=&#8221;4.27.4&#8243; _module_preset=&#8221;default&#8221; header_font=&#8221;&#8211;et_global_heading_font|600||on|||||&#8221; header_text_color=&#8221;#007068&#8243; custom_padding_tablet=&#8221;&#8221; custom_padding_phone=&#8221;|25px||25px|false|true&#8221; custom_padding_last_edited=&#8221;on|phone&#8221; child_filter_hue_rotate=&#8221;320deg&#8221; global_colors_info=&#8221;{}&#8221;]<\/p>\n<p><strong>Elegancia directa, sin rodeos.<\/strong><\/p>\n<p>La primera sensaci\u00f3n es c\u00e1lida, sin agresividad. El sabor del agave cocido brilla con fuerza, acompa\u00f1ado por c\u00edtricos dulces y jugosos \u2014<strong>lim\u00f3n amarillo<\/strong>, <strong>lima fresca<\/strong>\u2014 que despiertan el paladar. Notas herbales, minerales y un suave picor de <strong>pimienta blanca<\/strong> redondean el final.<\/p>\n<p>[\/et_pb_blurb][\/et_pb_column][et_pb_column type=&#8221;1_3&#8243; _builder_version=&#8221;4.27.4&#8243; _module_preset=&#8221;default&#8221; global_colors_info=&#8221;{}&#8221;][et_pb_blurb title=&#8221;Ideal para:&#8221; image=&#8221;https:\/\/tequilacasafina.com\/wp-content\/uploads\/2025\/06\/COPA.svg&#8221; image_icon_width=&#8221;25%&#8221; icon_alignment=&#8221;left&#8221; image_icon_width_tablet=&#8221;25%&#8221; image_icon_width_phone=&#8221;25%&#8221; image_icon_width_last_edited=&#8221;on|desktop&#8221; _builder_version=&#8221;4.27.4&#8243; _module_preset=&#8221;default&#8221; header_font=&#8221;&#8211;et_global_heading_font|600||on|||||&#8221; header_text_color=&#8221;#007068&#8243; custom_padding_tablet=&#8221;&#8221; custom_padding_phone=&#8221;|25px||25px|false|true&#8221; custom_padding_last_edited=&#8221;on|phone&#8221; child_filter_hue_rotate=&#8221;320deg&#8221; global_colors_info=&#8221;{}&#8221;]<\/p>\n<p><strong>Una bienvenida limpia y brillante:<\/strong><\/p>\n<ul>\n<li data-start=\"1636\" data-end=\"1674\">\n<p data-start=\"1638\" data-end=\"1674\">Disfrutarlo solo, ligeramente fr\u00edo<\/p>\n<\/li>\n<li data-start=\"1675\" data-end=\"1730\">\n<p data-start=\"1677\" data-end=\"1730\">Acompa\u00f1ar comidas frescas, ceviches o quesos suaves<\/p>\n<\/li>\n<li data-start=\"1731\" data-end=\"1838\">\n<p data-start=\"1733\" data-end=\"1838\">Ser la base de cocteles honestos y equilibrados como un buen <strong data-start=\"1794\" data-end=\"1811\">Tequila Tonic<\/strong> o una <strong data-start=\"1818\" data-end=\"1838\">Paloma artesanal<\/strong><\/p>\n<\/li>\n<\/ul>\n<p>[\/et_pb_blurb][\/et_pb_column][\/et_pb_row][et_pb_row column_structure=&#8221;2_5,3_5&#8243; use_custom_gutter=&#8221;on&#8221; gutter_width=&#8221;1&#8243; _builder_version=&#8221;4.27.4&#8243; _module_preset=&#8221;default&#8221; global_colors_info=&#8221;{}&#8221;][et_pb_column type=&#8221;2_5&#8243; _builder_version=&#8221;4.27.4&#8243; _module_preset=&#8221;default&#8221; global_colors_info=&#8221;{}&#8221;][et_pb_image src=&#8221;https:\/\/tequilacasafina.com\/wp-content\/uploads\/2025\/06\/B-botell-y-cajasS_fondo.png&#8221; title_text=&#8221;B-botell y cajasS_fondo&#8221; align=&#8221;center&#8221; _builder_version=&#8221;4.27.4&#8243; _module_preset=&#8221;default&#8221; width=&#8221;85%&#8221; width_tablet=&#8221;70%&#8221; width_phone=&#8221;70%&#8221; width_last_edited=&#8221;on|phone&#8221; global_colors_info=&#8221;{}&#8221;][\/et_pb_image][\/et_pb_column][et_pb_column type=&#8221;3_5&#8243; _builder_version=&#8221;4.27.4&#8243; _module_preset=&#8221;default&#8221; global_colors_info=&#8221;{}&#8221;][et_pb_text _builder_version=&#8221;4.27.4&#8243; _module_preset=&#8221;default&#8221; text_font=&#8221;&#8211;et_global_body_font||||||||&#8221; text_font_size=&#8221;18px&#8221; header_font=&#8221;&#8211;et_global_heading_font|700||on|||||&#8221; header_text_color=&#8221;#007068&#8243; custom_margin=&#8221;50px|||||&#8221; custom_padding=&#8221;15px||||false|false&#8221; text_font_size_tablet=&#8221;18px&#8221; text_font_size_phone=&#8221;18px&#8221; text_font_size_last_edited=&#8221;on|desktop&#8221; global_colors_info=&#8221;{}&#8221;]<\/p>\n<h1>Lo esencial no necesita adornos.<\/h1>\n<p>CASAFINA Blanco es el punto de partida. Es nuestra forma m\u00e1s pura de expresar lo que somos: un tequila que respeta sus ra\u00edces y celebra el presente.<\/p>\n<p>Elaborado con 100% Agave Azul y destilado dos veces en alambique de cobre, este tequila conserva toda la intensidad del agave cocido y la frescura de los campos de Arandas. Es para quienes saben que lo sutil puede ser poderoso y que un buen inicio no necesita ruido, solo intenci\u00f3n.<\/p>\n<p>[\/et_pb_text][\/et_pb_column][\/et_pb_row][et_pb_row _builder_version=&#8221;4.27.4&#8243; _module_preset=&#8221;default&#8221; global_colors_info=&#8221;{}&#8221;][et_pb_column type=&#8221;4_4&#8243; _builder_version=&#8221;4.27.4&#8243; _module_preset=&#8221;default&#8221; global_colors_info=&#8221;{}&#8221;][et_pb_button button_url=&#8221;#boton&#8221; button_text=&#8221;COMPRAR AHORA!&#8221; button_alignment=&#8221;center&#8221; _builder_version=&#8221;4.27.4&#8243; _module_preset=&#8221;default&#8221; custom_button=&#8221;on&#8221; button_text_size=&#8221;32px&#8221; button_text_color=&#8221;#FFFFFF&#8221; button_bg_color=&#8221;#007068&#8243; button_border_width=&#8221;4px&#8221; button_border_color=&#8221;#FFFFFF&#8221; button_border_radius=&#8221;15px&#8221; button_letter_spacing=&#8221;10px&#8221; button_font=&#8221;&#8211;et_global_heading_font|&#8211;et_global_heading_font_weight||on|||||&#8221; box_shadow_style=&#8221;preset2&#8243; global_colors_info=&#8221;{}&#8221;][\/et_pb_button][\/et_pb_column][\/et_pb_row][\/et_pb_section][et_pb_section fb_built=&#8221;1&#8243; _builder_version=&#8221;4.27.4&#8243; _module_preset=&#8221;default&#8221; background_color=&#8221;#007068&#8243; global_colors_info=&#8221;{}&#8221;][et_pb_row use_custom_gutter=&#8221;on&#8221; gutter_width=&#8221;1&#8243; _builder_version=&#8221;4.27.4&#8243; _module_preset=&#8221;default&#8221; global_colors_info=&#8221;{}&#8221;][et_pb_column type=&#8221;4_4&#8243; _builder_version=&#8221;4.27.4&#8243; _module_preset=&#8221;default&#8221; global_colors_info=&#8221;{}&#8221;][et_pb_text _builder_version=&#8221;4.27.4&#8243; _module_preset=&#8221;default&#8221; header_font=&#8221;&#8211;et_global_heading_font|700|||||||&#8221; header_text_align=&#8221;center&#8221; header_text_color=&#8221;#FFFFFF&#8221; header_font_size=&#8221;52px&#8221; header_2_font=&#8221;&#8211;et_global_heading_font|600|||||||&#8221; header_2_text_align=&#8221;center&#8221; header_2_text_color=&#8221;#FFFFFF&#8221; header_2_font_size=&#8221;24px&#8221; custom_margin=&#8221;50px||||false|false&#8221; custom_margin_tablet=&#8221;0px||||false|false&#8221; custom_margin_phone=&#8221;0px||||false|false&#8221; custom_margin_last_edited=&#8221;on|phone&#8221; header_font_size_tablet=&#8221;42px&#8221; header_font_size_phone=&#8221;26px&#8221; header_font_size_last_edited=&#8221;on|phone&#8221; header_2_font_size_tablet=&#8221;24px&#8221; header_2_font_size_phone=&#8221;17px&#8221; header_2_font_size_last_edited=&#8221;on|phone&#8221; global_colors_info=&#8221;{}&#8221;]<\/p>\n<h1>CASAFINA Blanco no grita. Susurra con fuerza.<\/h1>\n<h2>Un tequila limpio, elegante y lleno de vida para quienes eligen bien, desde el primer trago.<\/h2>\n<p>&nbsp;<\/p>\n<p>[\/et_pb_text][\/et_pb_column][\/et_pb_row][\/et_pb_section][et_pb_section fb_built=&#8221;1&#8243; _builder_version=&#8221;4.27.4&#8243; _module_preset=&#8221;default&#8221; custom_padding=&#8221;0px||0px||false|false&#8221; global_colors_info=&#8221;{}&#8221; disabled_on=&#8221;on|on|on&#8221; disabled=&#8221;on&#8221;][et_pb_row column_structure=&#8221;1_2,1_2&#8243; use_custom_gutter=&#8221;on&#8221; gutter_width=&#8221;1&#8243; make_equal=&#8221;on&#8221; _builder_version=&#8221;4.27.4&#8243; _module_preset=&#8221;default&#8221; width=&#8221;100%&#8221; max_width=&#8221;2560px&#8221; custom_margin=&#8221;0px||0px||true|false&#8221; custom_padding=&#8221;0px||0px||true|false&#8221; global_colors_info=&#8221;{}&#8221;][et_pb_column type=&#8221;1_2&#8243; _builder_version=&#8221;4.27.4&#8243; _module_preset=&#8221;default&#8221; background_color=&#8221;#007068&#8243; global_colors_info=&#8221;{}&#8221;][et_pb_image src=&#8221;https:\/\/tequilacasafina.com\/wp-content\/uploads\/2024\/02\/casafina-w.png&#8221; title_text=&#8221;casafina w&#8221; align=&#8221;center&#8221; _builder_version=&#8221;4.27.4&#8243; _module_preset=&#8221;default&#8221; animation_style=&#8221;slide&#8221; animation_direction=&#8221;left&#8221; animation_duration=&#8221;800ms&#8221; global_colors_info=&#8221;{}&#8221;][\/et_pb_image][et_pb_image src=&#8221;https:\/\/tequilacasafina.com\/wp-content\/uploads\/2024\/02\/casafina-w.png&#8221; title_text=&#8221;casafina w&#8221; align=&#8221;center&#8221; _builder_version=&#8221;4.27.4&#8243; _module_preset=&#8221;default&#8221; animation_style=&#8221;slide&#8221; animation_direction=&#8221;left&#8221; animation_duration=&#8221;800ms&#8221; global_colors_info=&#8221;{}&#8221;][\/et_pb_image][et_pb_image src=&#8221;https:\/\/tequilacasafina.com\/wp-content\/uploads\/2024\/02\/casafina-w.png&#8221; title_text=&#8221;casafina w&#8221; align=&#8221;center&#8221; _builder_version=&#8221;4.27.4&#8243; _module_preset=&#8221;default&#8221; animation_style=&#8221;slide&#8221; animation_direction=&#8221;left&#8221; animation_duration=&#8221;800ms&#8221; global_colors_info=&#8221;{}&#8221;][\/et_pb_image][et_pb_image src=&#8221;https:\/\/tequilacasafina.com\/wp-content\/uploads\/2024\/02\/casafina-w.png&#8221; title_text=&#8221;casafina w&#8221; align=&#8221;center&#8221; _builder_version=&#8221;4.27.4&#8243; _module_preset=&#8221;default&#8221; animation_style=&#8221;slide&#8221; animation_direction=&#8221;left&#8221; animation_duration=&#8221;800ms&#8221; global_colors_info=&#8221;{}&#8221;][\/et_pb_image][et_pb_image src=&#8221;https:\/\/tequilacasafina.com\/wp-content\/uploads\/2024\/02\/casafina-w.png&#8221; title_text=&#8221;casafina w&#8221; align=&#8221;center&#8221; _builder_version=&#8221;4.27.4&#8243; _module_preset=&#8221;default&#8221; animation_style=&#8221;slide&#8221; animation_direction=&#8221;left&#8221; animation_duration=&#8221;800ms&#8221; global_colors_info=&#8221;{}&#8221;][\/et_pb_image][et_pb_image src=&#8221;https:\/\/tequilacasafina.com\/wp-content\/uploads\/2024\/02\/casafina-w.png&#8221; title_text=&#8221;casafina w&#8221; align=&#8221;center&#8221; _builder_version=&#8221;4.27.4&#8243; _module_preset=&#8221;default&#8221; animation_style=&#8221;slide&#8221; animation_direction=&#8221;left&#8221; animation_duration=&#8221;800ms&#8221; global_colors_info=&#8221;{}&#8221;][\/et_pb_image][et_pb_image src=&#8221;https:\/\/tequilacasafina.com\/wp-content\/uploads\/2024\/02\/casafina-w.png&#8221; title_text=&#8221;casafina w&#8221; align=&#8221;center&#8221; _builder_version=&#8221;4.27.4&#8243; _module_preset=&#8221;default&#8221; animation_style=&#8221;slide&#8221; animation_direction=&#8221;left&#8221; animation_duration=&#8221;800ms&#8221; global_colors_info=&#8221;{}&#8221;][\/et_pb_image][\/et_pb_column][et_pb_column type=&#8221;1_2&#8243; _builder_version=&#8221;4.27.4&#8243; _module_preset=&#8221;default&#8221; global_colors_info=&#8221;{}&#8221;][et_pb_image src=&#8221;https:\/\/tequilacasafina.com\/wp-content\/uploads\/2025\/06\/blanco-galeria1.png&#8221; title_text=&#8221;blanco galeria1&#8243; align=&#8221;center&#8221; force_fullwidth=&#8221;on&#8221; align_tablet=&#8221;center&#8221; align_phone=&#8221;center&#8221; align_last_edited=&#8221;on|desktop&#8221; _builder_version=&#8221;4.27.4&#8243; _module_preset=&#8221;default&#8221; global_colors_info=&#8221;{}&#8221;][\/et_pb_image][\/et_pb_column][\/et_pb_row][\/et_pb_section][et_pb_section fb_built=&#8221;1&#8243; module_id=&#8221;boton&#8221; _builder_version=&#8221;4.27.4&#8243; _module_preset=&#8221;default&#8221; background_color=&#8221;#007068&#8243; custom_margin=&#8221;0px||0px||true|false&#8221; custom_padding=&#8221;0px||||false|false&#8221; global_colors_info=&#8221;{}&#8221;][et_pb_row _builder_version=&#8221;4.27.4&#8243; _module_preset=&#8221;default&#8221; global_colors_info=&#8221;{}&#8221;][et_pb_column type=&#8221;4_4&#8243; _builder_version=&#8221;4.27.4&#8243; _module_preset=&#8221;default&#8221; global_colors_info=&#8221;{}&#8221;][et_pb_divider color=&#8221;#FFFFFF&#8221; divider_position=&#8221;center&#8221; divider_weight=&#8221;6px&#8221; _builder_version=&#8221;4.27.4&#8243; _module_preset=&#8221;default&#8221; global_colors_info=&#8221;{}&#8221;][\/et_pb_divider][et_pb_text _builder_version=&#8221;4.27.4&#8243; _module_preset=&#8221;default&#8221; text_font=&#8221;&#8211;et_global_body_font|&#8211;et_global_body_font_weight|||||||&#8221; text_text_color=&#8221;#FFFFFF&#8221; text_font_size=&#8221;24px&#8221; header_2_font=&#8221;&#8211;et_global_heading_font|&#8211;et_global_heading_font_weight||on|||||&#8221; header_2_text_color=&#8221;#FFFFFF&#8221; header_2_font_size=&#8221;36px&#8221; text_orientation=&#8221;center&#8221; text_font_size_tablet=&#8221;18px&#8221; text_font_size_phone=&#8221;18px&#8221; text_font_size_last_edited=&#8221;on|desktop&#8221; header_2_font_size_tablet=&#8221;36px&#8221; header_2_font_size_phone=&#8221;28px&#8221; header_2_font_size_last_edited=&#8221;on|phone&#8221; global_colors_info=&#8221;{}&#8221;]<\/p>\n<h2>\u00bfTe gustar\u00eda conseguir nuestro tequila?<\/h2>\n<p>Para una atenci\u00f3n personalizada, no dudes enviarnos un WhatsApp.<\/p>\n<p>[\/et_pb_text][et_pb_button button_url=&#8221;https:\/\/wa.link\/mibtmb&#8221; url_new_window=&#8221;on&#8221; button_text=&#8221;Enviar Whatsapp&#8221; button_alignment=&#8221;center&#8221; _builder_version=&#8221;4.27.4&#8243; _module_preset=&#8221;default&#8221; custom_button=&#8221;on&#8221; button_text_color=&#8221;#FFFFFF&#8221; button_bg_color=&#8221;#00bc42&#8243; button_border_color=&#8221;#FFFFFF&#8221; button_border_radius=&#8221;25px&#8221; button_icon=&#8221;&#xf232;||fa||400&#8243; button_icon_placement=&#8221;left&#8221; button_on_hover=&#8221;off&#8221; button_text_size_last_edited=&#8221;off|desktop&#8221; box_shadow_style=&#8221;preset3&#8243; locked=&#8221;off&#8221; global_colors_info=&#8221;{}&#8221; button_text_size__hover_enabled=&#8221;on|hover&#8221; button_text_size__hover=&#8221;24px&#8221;][\/et_pb_button][\/et_pb_column][\/et_pb_row][\/et_pb_section]<\/p>\n","protected":false},"excerpt":{"rendered":"<p>TEQUILA CASAFINA BLANCO Frescura, pureza y car\u00e1cter en cada sorbo. &nbsp;Una bienvenida limpia y brillante: Agave cocido con toques de panela y miel ligera C\u00edtricos vivos como toronja y c\u00e1scara de lima Hierbas frescas: albahaca, eucalipto, menta Sutiles flores blancas: flor de azahar Un fondo mineral que recuerda a piedra mojada Elegancia directa, sin rodeos. [&hellip;]<\/p>\n","protected":false},"author":1,"featured_media":0,"parent":0,"menu_order":0,"comment_status":"closed","ping_status":"closed","template":"","meta":{"_et_pb_use_builder":"on","_et_pb_old_content":"<!-- wp:divi\/placeholder \/-->","_et_gb_content_width":"","footnotes":""},"difl_page_category":[],"class_list":["post-279518","page","type-page","status-publish","hentry"],"_links":{"self":[{"href":"https:\/\/tequilacasafina.com\/en\/wp-json\/wp\/v2\/pages\/279518","targetHints":{"allow":["GET"]}}],"collection":[{"href":"https:\/\/tequilacasafina.com\/en\/wp-json\/wp\/v2\/pages"}],"about":[{"href":"https:\/\/tequilacasafina.com\/en\/wp-json\/wp\/v2\/types\/page"}],"author":[{"embeddable":true,"href":"https:\/\/tequilacasafina.com\/en\/wp-json\/wp\/v2\/users\/1"}],"replies":[{"embeddable":true,"href":"https:\/\/tequilacasafina.com\/en\/wp-json\/wp\/v2\/comments?post=279518"}],"version-history":[{"count":23,"href":"https:\/\/tequilacasafina.com\/en\/wp-json\/wp\/v2\/pages\/279518\/revisions"}],"predecessor-version":[{"id":279961,"href":"https:\/\/tequilacasafina.com\/en\/wp-json\/wp\/v2\/pages\/279518\/revisions\/279961"}],"wp:attachment":[{"href":"https:\/\/tequilacasafina.com\/en\/wp-json\/wp\/v2\/media?parent=279518"}],"wp:term":[{"taxonomy":"difl_page_category","embeddable":true,"href":"https:\/\/tequilacasafina.com\/en\/wp-json\/wp\/v2\/difl_page_category?post=279518"}],"curies":[{"name":"wp","href":"https:\/\/api.w.org\/{rel}","templated":true}]}}