{"id":279522,"date":"2025-06-06T06:33:19","date_gmt":"2025-06-06T06:33:19","guid":{"rendered":"https:\/\/tequilacasafina.com\/?page_id=279522"},"modified":"2025-08-07T09:56:52","modified_gmt":"2025-08-07T15:56:52","slug":"contacto","status":"publish","type":"page","link":"https:\/\/tequilacasafina.com\/en\/contacto\/","title":{"rendered":"Contact"},"content":{"rendered":"<p>[et_pb_section fb_built=&#8221;1&#8243; admin_label=&#8221;07 Advanced Tabs&#8221; _builder_version=&#8221;4.27.4&#8243; _module_preset=&#8221;default&#8221; background_color=&#8221;#1D70A7&#8243; custom_margin=&#8221;||||false|false&#8221; custom_padding=&#8221;50px||5px||false|false&#8221; locked=&#8221;off&#8221; collapsed=&#8221;off&#8221; global_colors_info=&#8221;{}&#8221;][et_pb_row _builder_version=&#8221;4.19.4&#8243; _module_preset=&#8221;default&#8221; width_tablet=&#8221;&#8221; width_phone=&#8221;90%&#8221; width_last_edited=&#8221;on|phone&#8221; max_width=&#8221;1440px&#8221; module_alignment=&#8221;center&#8221; custom_padding=&#8221;0px||||false|false&#8221; global_colors_info=&#8221;{}&#8221;][et_pb_column type=&#8221;4_4&#8243; _builder_version=&#8221;4.18.0&#8243; _module_preset=&#8221;default&#8221; global_colors_info=&#8221;{}&#8221;][et_pb_image src=&#8221;https:\/\/tequilacasafina.com\/wp-content\/uploads\/2025\/05\/logo.png&#8221; title_text=&#8221;logo-full-bg&#8221; align=&#8221;center&#8221; _builder_version=&#8221;4.27.4&#8243; _module_preset=&#8221;default&#8221; width=&#8221;50%&#8221; width_tablet=&#8221;50%&#8221; width_phone=&#8221;50%&#8221; width_last_edited=&#8221;on|phone&#8221; global_colors_info=&#8221;{}&#8221;][\/et_pb_image][\/et_pb_column][\/et_pb_row][\/et_pb_section][et_pb_section fb_built=&#8221;1&#8243; _builder_version=&#8221;4.27.4&#8243; _module_preset=&#8221;default&#8221; background_color=&#8221;#FFFFFF&#8221; custom_margin=&#8221;||||false|false&#8221; custom_padding=&#8221;50px||||false|false&#8221; global_colors_info=&#8221;{}&#8221;][et_pb_row _builder_version=&#8221;4.27.4&#8243; _module_preset=&#8221;default&#8221; global_colors_info=&#8221;{}&#8221;][et_pb_column type=&#8221;4_4&#8243; _builder_version=&#8221;4.27.4&#8243; _module_preset=&#8221;default&#8221; global_colors_info=&#8221;{}&#8221;][et_pb_text _builder_version=&#8221;4.27.4&#8243; _module_preset=&#8221;default&#8221; header_font=&#8221;&#8211;et_global_heading_font|700||on||||#4C4C4C|&#8221; header_text_align=&#8221;center&#8221; header_text_color=&#8221;#4C4C4C&#8221; header_font_size=&#8221;36px&#8221; custom_padding=&#8221;0px|||||&#8221; global_colors_info=&#8221;{}&#8221;]<\/p>\n<h1>AQU\u00cd ENCUENTRAS NUESTRO TEQUILA<\/h1>\n<p>[\/et_pb_text][\/et_pb_column][\/et_pb_row][et_pb_row column_structure=&#8221;1_4,1_4,1_4,1_4&#8243; _builder_version=&#8221;4.27.4&#8243; _module_preset=&#8221;default&#8221; hover_enabled=&#8221;0&#8243; global_colors_info=&#8221;{}&#8221; max_width=&#8221;1240px&#8221; width=&#8221;90%&#8221; sticky_enabled=&#8221;0&#8243;][et_pb_column type=&#8221;1_4&#8243; _builder_version=&#8221;4.27.4&#8243; _module_preset=&#8221;default&#8221; global_colors_info=&#8221;{}&#8221;][et_pb_image src=&#8221;https:\/\/tequilacasafina.com\/wp-content\/uploads\/2025\/08\/mercado-libre-seeklogo.png&#8221; title_text=&#8221;mercado-libre-seeklogo&#8221; url=&#8221;https:\/\/www.mercadolibre.com.mx\/tienda\/casafina#client=SEARCH&#038;component_id=menu_home&#038;label=Inicio&#038;tracking_id=&#8221; align=&#8221;center&#8221; _builder_version=&#8221;4.27.4&#8243; _module_preset=&#8221;default&#8221; max_width=&#8221;80%&#8221; max_width_tablet=&#8221;55%&#8221; max_width_phone=&#8221;80%&#8221; max_width_last_edited=&#8221;on|phone&#8221; animation_style=&#8221;bounce&#8221; global_colors_info=&#8221;{}&#8221;][\/et_pb_image][\/et_pb_column][et_pb_column type=&#8221;1_4&#8243; _builder_version=&#8221;4.27.4&#8243; _module_preset=&#8221;default&#8221; global_colors_info=&#8221;{}&#8221;][et_pb_image src=&#8221;https:\/\/tequilacasafina.com\/wp-content\/uploads\/2025\/08\/Logo_vid_mexicana.webp&#8221; title_text=&#8221;Logo_vid_mexicana&#8221; url=&#8221;https:\/\/www.vidmexicana.com\/search?q=tequila+casafina&#8221; align=&#8221;center&#8221; _builder_version=&#8221;4.27.4&#8243; _module_preset=&#8221;default&#8221; max_width=&#8221;80%&#8221; max_width_tablet=&#8221;55%&#8221; max_width_phone=&#8221;80%&#8221; max_width_last_edited=&#8221;on|phone&#8221; animation_style=&#8221;bounce&#8221; global_colors_info=&#8221;{}&#8221;][\/et_pb_image][\/et_pb_column][et_pb_column type=&#8221;1_4&#8243; _builder_version=&#8221;4.27.4&#8243; _module_preset=&#8221;default&#8221; global_colors_info=&#8221;{}&#8221;][et_pb_image src=&#8221;https:\/\/tequilacasafina.com\/wp-content\/uploads\/2025\/08\/amazon-seeklogo.png&#8221; title_text=&#8221;amazon-seeklogo&#8221; url=&#8221;https:\/\/www.amazon.com.mx\/s?me=A42LQ7MPE9UCQ&#038;marketplaceID=A1AM78C64UM0Y8&#8243; align=&#8221;center&#8221; _builder_version=&#8221;4.27.4&#8243; _module_preset=&#8221;default&#8221; max_width=&#8221;80%&#8221; max_width_tablet=&#8221;55%&#8221; max_width_phone=&#8221;80%&#8221; max_width_last_edited=&#8221;on|phone&#8221; animation_style=&#8221;bounce&#8221; global_colors_info=&#8221;{}&#8221;][\/et_pb_image][\/et_pb_column][et_pb_column type=&#8221;1_4&#8243; _builder_version=&#8221;4.27.4&#8243; _module_preset=&#8221;default&#8221; global_colors_info=&#8221;{}&#8221;][et_pb_image src=&#8221;https:\/\/tequilacasafina.com\/wp-content\/uploads\/2025\/08\/liverpool-logo.png&#8221; title_text=&#8221;liverpool-logo&#8221; url=&#8221;https:\/\/www.vidmexicana.com\/search?q=tequila+casafina&#8221; align=&#8221;center&#8221; _builder_version=&#8221;4.27.4&#8243; _module_preset=&#8221;default&#8221; max_width=&#8221;80%&#8221; max_width_tablet=&#8221;55%&#8221; max_width_phone=&#8221;80%&#8221; max_width_last_edited=&#8221;on|phone&#8221; animation_style=&#8221;bounce&#8221; hover_enabled=&#8221;0&#8243; global_colors_info=&#8221;{}&#8221; background_color=&#8221;#e51d9b&#8221; sticky_enabled=&#8221;0&#8243; custom_padding=&#8221;10px|10px|10px|10px|true|true&#8221;][\/et_pb_image][\/et_pb_column][\/et_pb_row][et_pb_row _builder_version=&#8221;4.27.4&#8243; _module_preset=&#8221;default&#8221; max_width=&#8221;1920px&#8221; module_alignment=&#8221;center&#8221; global_colors_info=&#8221;{}&#8221;][et_pb_column type=&#8221;4_4&#8243; _builder_version=&#8221;4.27.4&#8243; _module_preset=&#8221;default&#8221; global_colors_info=&#8221;{}&#8221;][et_pb_divider color=&#8221;#1D70A7&#8243; divider_position=&#8221;center&#8221; divider_weight=&#8221;18px&#8221; _builder_version=&#8221;4.27.4&#8243; _module_preset=&#8221;default&#8221; global_colors_info=&#8221;{}&#8221;][\/et_pb_divider][\/et_pb_column][\/et_pb_row][et_pb_row _builder_version=&#8221;4.27.4&#8243; _module_preset=&#8221;default&#8221; global_colors_info=&#8221;{}&#8221;][et_pb_column type=&#8221;4_4&#8243; _builder_version=&#8221;4.27.4&#8243; _module_preset=&#8221;default&#8221; global_colors_info=&#8221;{}&#8221;][et_pb_text _builder_version=&#8221;4.27.4&#8243; _module_preset=&#8221;default&#8221; header_font=&#8221;&#8211;et_global_heading_font|700||on||||#4C4C4C|&#8221; header_text_align=&#8221;center&#8221; header_text_color=&#8221;#4C4C4C&#8221; custom_padding=&#8221;0px|||||&#8221; global_colors_info=&#8221;{}&#8221;]<\/p>\n<h1>PREGUNTAS FRECUENTES:<\/h1>\n<p>[\/et_pb_text][\/et_pb_column][\/et_pb_row][et_pb_row _builder_version=&#8221;4.27.4&#8243; _module_preset=&#8221;default&#8221; global_colors_info=&#8221;{}&#8221;][et_pb_column type=&#8221;4_4&#8243; _builder_version=&#8221;4.27.4&#8243; _module_preset=&#8221;default&#8221; global_colors_info=&#8221;{}&#8221;][et_pb_accordion open_toggle_background_color=&#8221;#1D70A7&#8243; closed_toggle_background_color=&#8221;#1D70A7&#8243; icon_color=&#8221;#FFFFFF&#8221; use_icon_font_size=&#8221;on&#8221; _builder_version=&#8221;4.27.4&#8243; _module_preset=&#8221;default&#8221; toggle_text_color=&#8221;#FFFFFF&#8221; toggle_font_size=&#8221;18px&#8221; body_text_color=&#8221;#FFFFFF&#8221; box_shadow_style=&#8221;preset3&#8243; box_shadow_vertical=&#8221;8px&#8221; box_shadow_blur=&#8221;14px&#8221; global_colors_info=&#8221;{}&#8221;][et_pb_accordion_item title=&#8221;\u00bfD\u00f3nde se produce el tequila CASAFINA?&#8221; open=&#8221;on&#8221; _builder_version=&#8221;4.27.4&#8243; _module_preset=&#8221;default&#8221; global_colors_info=&#8221;{}&#8221;]<\/p>\n<p>CASAFINA nace en Arandas, Jalisco, una regi\u00f3n reconocida por su tierra volc\u00e1nica rica en minerales, ideal para el cultivo del agave azul. Cada botella refleja el car\u00e1cter de este terru\u00f1o \u00fanico y una elaboraci\u00f3n que honra tanto la tradici\u00f3n como la excelencia.<\/p>\n<p>[\/et_pb_accordion_item][et_pb_accordion_item title=&#8221;\u00bfQu\u00e9 diferencia a CASAFINA de otros tequilas premium?&#8221; _builder_version=&#8221;4.27.4&#8243; _module_preset=&#8221;default&#8221; global_colors_info=&#8221;{}&#8221; open=&#8221;off&#8221;]<\/p>\n<p>A diferencia de marcas que repiten f\u00f3rmulas, en CASAFINA creemos que el lujo est\u00e1 en la intenci\u00f3n. Nos enfocamos en crear tequilas aut\u00e9nticos, con suavidad, fuerza y equilibrio. Utilizamos doble destilaci\u00f3n en alambique de cobre y procesos cuidados que conservan la esencia del agave sin saturar los sentidos.<\/p>\n<p>[\/et_pb_accordion_item][et_pb_accordion_item title=&#8221;\u00bfEn qu\u00e9 pa\u00edses est\u00e1 disponible CASAFINA?&#8221; _builder_version=&#8221;4.27.4&#8243; _module_preset=&#8221;default&#8221; global_colors_info=&#8221;{}&#8221; open=&#8221;off&#8221;]<\/p>\n<p>Actualmente, CASAFINA se distribuye en M\u00e9xico y estamos en proceso de expansi\u00f3n internacional. Si est\u00e1s fuera del pa\u00eds y deseas conocer opciones de compra, cont\u00e1ctanos y con gusto te brindaremos informaci\u00f3n personalizada.<\/p>\n<p>[\/et_pb_accordion_item][et_pb_accordion_item title=&#8221;\u00bfC\u00f3mo puedo saber cu\u00e1l variedad de CASAFINA es ideal para m\u00ed?&#8221; _builder_version=&#8221;4.27.4&#8243; _module_preset=&#8221;default&#8221; global_colors_info=&#8221;{}&#8221; open=&#8221;off&#8221;]<\/p>\n<p data-start=\"1614\" data-end=\"1729\">Cada expresi\u00f3n tiene un car\u00e1cter distinto:<\/p>\n<ul data-start=\"1730\" data-end=\"2108\">\n<li data-start=\"1730\" data-end=\"1812\">\n<p data-start=\"1732\" data-end=\"1812\"><strong data-start=\"1732\" data-end=\"1742\">Blanco<\/strong>: fresco y vibrante, ideal para quienes valoran la pureza del agave.<\/p>\n<\/li>\n<li data-start=\"1813\" data-end=\"1911\">\n<p data-start=\"1815\" data-end=\"1911\"><strong data-start=\"1815\" data-end=\"1827\">Reposado<\/strong>: c\u00e1lido y redondo, con notas de madera, perfecto para quienes buscan profundidad.<\/p>\n<\/li>\n<li data-start=\"1912\" data-end=\"2108\">\n<p data-start=\"1914\" data-end=\"2108\"><strong data-start=\"1914\" data-end=\"1928\">Cristalino<\/strong>: suave y refinado, para paladares que prefieren elegancia y claridad.<br data-start=\"1998\" data-end=\"2001\" \/>En nuestro blog <em data-start=\"2017\" data-end=\"2033\">Vivir CASAFINA<\/em> encontrar\u00e1s gu\u00edas, maridajes y recomendaciones para disfrutarlo al m\u00e1ximo.<\/p>\n<\/li>\n<\/ul>\n<p>[\/et_pb_accordion_item][et_pb_accordion_item title=&#8221;\u00bfQu\u00e9 tipo de agave utilizan en CASAFINA?&#8221; _builder_version=&#8221;4.27.4&#8243; _module_preset=&#8221;default&#8221; global_colors_info=&#8221;{}&#8221; open=&#8221;off&#8221;]<\/p>\n<p>En CASAFINA utilizamos <strong data-start=\"224\" data-end=\"281\">100% agave azul (Agave tequilana Weber variedad azul)<\/strong>, cultivado en la regi\u00f3n de los Altos de Jalisco. Este tipo de agave aporta una personalidad brillante, notas dulces y minerales, y es clave para lograr el equilibrio y la pureza que distinguen a cada una de nuestras expresiones.<\/p>\n<p>[\/et_pb_accordion_item][\/et_pb_accordion][\/et_pb_column][\/et_pb_row][\/et_pb_section][et_pb_section fb_built=&#8221;1&#8243; _builder_version=&#8221;4.27.4&#8243; _module_preset=&#8221;default&#8221; background_color=&#8221;#1D70A7&#8243; custom_margin=&#8221;0px||0px||true|false&#8221; custom_padding=&#8221;0px||||false|false&#8221; global_colors_info=&#8221;{}&#8221;][et_pb_row _builder_version=&#8221;4.27.4&#8243; _module_preset=&#8221;default&#8221; global_colors_info=&#8221;{}&#8221;][et_pb_column type=&#8221;4_4&#8243; _builder_version=&#8221;4.27.4&#8243; _module_preset=&#8221;default&#8221; global_colors_info=&#8221;{}&#8221;][et_pb_contact_form email=&#8221;info@tequilacasafina.com&#8221; title=&#8221;Formulario de Contacto&#8221; custom_message=&#8221;Nuevo mensaje desde el formulario de contacto en Tequila CASAFINA||et_pb_line_break_holder||||et_pb_line_break_holder||Hola equipo CASAFINA,||et_pb_line_break_holder||Han recibido una nueva consulta desde el sitio web. A continuaci\u00f3n se presentan los detalles del mensaje:||et_pb_line_break_holder||||et_pb_line_break_holder||- Nombre: %%Name%%||et_pb_line_break_holder||- Correo de contacto: %%Email%%||et_pb_line_break_holder||- Tel\u00e9fono: %%Phone%%||et_pb_line_break_holder||- Mensaje:||et_pb_line_break_holder||%%Message%%||et_pb_line_break_holder||||et_pb_line_break_holder||Revisar y dar seguimiento a esta solicitud a la brevedad para mantener la experiencia premium y cercana que caracteriza a la marca.||et_pb_line_break_holder||||et_pb_line_break_holder||Gracias por continuar construyendo momentos con intenci\u00f3n.||et_pb_line_break_holder||||et_pb_line_break_holder||Este mensaje fue enviado desde nuestra pagina web: https:\/\/tequilacasafina.com\/&#8221; success_message=&#8221;Mensaje Enviado&#8230;&#8221; submit_button_text=&#8221;Enviar Mensaje&#8221; _builder_version=&#8221;4.27.4&#8243; _module_preset=&#8221;default&#8221; _unique_id=&#8221;807798f3-f100-4605-834e-78e61e185889&#8243; title_font=&#8221;&#8211;et_global_heading_font|&#8211;et_global_heading_font_weight||on|||||&#8221; title_text_align=&#8221;center&#8221; title_text_color=&#8221;#FFFFFF&#8221; title_font_size=&#8221;36px&#8221; captcha_text_color=&#8221;#FFFFFF&#8221; captcha_letter_spacing=&#8221;2px&#8221; custom_button=&#8221;on&#8221; button_text_color=&#8221;#FFFFFF&#8221; button_bg_color=&#8221;#1D70A7&#8243; title_font_size_tablet=&#8221;32px&#8221; title_font_size_phone=&#8221;32px&#8221; title_font_size_last_edited=&#8221;on|phone&#8221; box_shadow_style_button=&#8221;preset3&#8243; locked=&#8221;off&#8221; global_colors_info=&#8221;{}&#8221;][et_pb_contact_field field_id=&#8221;Name&#8221; field_title=&#8221;Nombre Completo&#8221; fullwidth_field=&#8221;on&#8221; _builder_version=&#8221;4.27.4&#8243; global_colors_info=&#8221;{}&#8221; button_text_size__hover_enabled=&#8221;off&#8221; button_one_text_size__hover_enabled=&#8221;off&#8221; button_two_text_size__hover_enabled=&#8221;off&#8221; button_text_color__hover_enabled=&#8221;off&#8221; button_one_text_color__hover_enabled=&#8221;off&#8221; button_two_text_color__hover_enabled=&#8221;off&#8221; button_border_width__hover_enabled=&#8221;off&#8221; button_one_border_width__hover_enabled=&#8221;off&#8221; button_two_border_width__hover_enabled=&#8221;off&#8221; button_border_color__hover_enabled=&#8221;off&#8221; button_one_border_color__hover_enabled=&#8221;off&#8221; button_two_border_color__hover_enabled=&#8221;off&#8221; button_border_radius__hover_enabled=&#8221;off&#8221; button_one_border_radius__hover_enabled=&#8221;off&#8221; button_two_border_radius__hover_enabled=&#8221;off&#8221; button_letter_spacing__hover_enabled=&#8221;off&#8221; button_one_letter_spacing__hover_enabled=&#8221;off&#8221; button_two_letter_spacing__hover_enabled=&#8221;off&#8221; button_bg_color__hover_enabled=&#8221;off&#8221; button_one_bg_color__hover_enabled=&#8221;off&#8221; button_two_bg_color__hover_enabled=&#8221;off&#8221;][\/et_pb_contact_field][et_pb_contact_field field_id=&#8221;Phone&#8221; field_title=&#8221;Tel\u00e9fono&#8221; min_length=&#8221;10&#8243; max_length=&#8221;15&#8243; allowed_symbols=&#8221;numbers&#8221; _builder_version=&#8221;4.27.4&#8243; _module_preset=&#8221;default&#8221; global_colors_info=&#8221;{}&#8221;][\/et_pb_contact_field][et_pb_contact_field field_id=&#8221;Email&#8221; field_title=&#8221;Correo Electronico&#8221; field_type=&#8221;email&#8221; _builder_version=&#8221;4.27.4&#8243; global_colors_info=&#8221;{}&#8221; button_text_size__hover_enabled=&#8221;off&#8221; button_one_text_size__hover_enabled=&#8221;off&#8221; button_two_text_size__hover_enabled=&#8221;off&#8221; button_text_color__hover_enabled=&#8221;off&#8221; button_one_text_color__hover_enabled=&#8221;off&#8221; button_two_text_color__hover_enabled=&#8221;off&#8221; button_border_width__hover_enabled=&#8221;off&#8221; button_one_border_width__hover_enabled=&#8221;off&#8221; button_two_border_width__hover_enabled=&#8221;off&#8221; button_border_color__hover_enabled=&#8221;off&#8221; button_one_border_color__hover_enabled=&#8221;off&#8221; button_two_border_color__hover_enabled=&#8221;off&#8221; button_border_radius__hover_enabled=&#8221;off&#8221; button_one_border_radius__hover_enabled=&#8221;off&#8221; button_two_border_radius__hover_enabled=&#8221;off&#8221; button_letter_spacing__hover_enabled=&#8221;off&#8221; button_one_letter_spacing__hover_enabled=&#8221;off&#8221; button_two_letter_spacing__hover_enabled=&#8221;off&#8221; button_bg_color__hover_enabled=&#8221;off&#8221; button_one_bg_color__hover_enabled=&#8221;off&#8221; button_two_bg_color__hover_enabled=&#8221;off&#8221;][\/et_pb_contact_field][et_pb_contact_field field_id=&#8221;Message&#8221; field_title=&#8221;Escribe aqui tu mensaje&#8230;&#8221; field_type=&#8221;text&#8221; fullwidth_field=&#8221;on&#8221; _builder_version=&#8221;4.27.4&#8243; global_colors_info=&#8221;{}&#8221; button_text_size__hover_enabled=&#8221;off&#8221; button_one_text_size__hover_enabled=&#8221;off&#8221; button_two_text_size__hover_enabled=&#8221;off&#8221; button_text_color__hover_enabled=&#8221;off&#8221; button_one_text_color__hover_enabled=&#8221;off&#8221; button_two_text_color__hover_enabled=&#8221;off&#8221; button_border_width__hover_enabled=&#8221;off&#8221; button_one_border_width__hover_enabled=&#8221;off&#8221; button_two_border_width__hover_enabled=&#8221;off&#8221; button_border_color__hover_enabled=&#8221;off&#8221; button_one_border_color__hover_enabled=&#8221;off&#8221; button_two_border_color__hover_enabled=&#8221;off&#8221; button_border_radius__hover_enabled=&#8221;off&#8221; button_one_border_radius__hover_enabled=&#8221;off&#8221; button_two_border_radius__hover_enabled=&#8221;off&#8221; button_letter_spacing__hover_enabled=&#8221;off&#8221; button_one_letter_spacing__hover_enabled=&#8221;off&#8221; button_two_letter_spacing__hover_enabled=&#8221;off&#8221; button_bg_color__hover_enabled=&#8221;off&#8221; button_one_bg_color__hover_enabled=&#8221;off&#8221; button_two_bg_color__hover_enabled=&#8221;off&#8221;][\/et_pb_contact_field][\/et_pb_contact_form][et_pb_divider color=&#8221;#FFFFFF&#8221; divider_position=&#8221;center&#8221; divider_weight=&#8221;6px&#8221; _builder_version=&#8221;4.27.4&#8243; _module_preset=&#8221;default&#8221; global_colors_info=&#8221;{}&#8221;][\/et_pb_divider][et_pb_text _builder_version=&#8221;4.27.4&#8243; _module_preset=&#8221;default&#8221; text_font=&#8221;&#8211;et_global_body_font|&#8211;et_global_body_font_weight|||||||&#8221; text_text_color=&#8221;#FFFFFF&#8221; text_font_size=&#8221;24px&#8221; header_2_font=&#8221;&#8211;et_global_heading_font|&#8211;et_global_heading_font_weight||on|||||&#8221; header_2_text_color=&#8221;#FFFFFF&#8221; header_2_font_size=&#8221;36px&#8221; text_orientation=&#8221;center&#8221; text_font_size_tablet=&#8221;18px&#8221; text_font_size_phone=&#8221;18px&#8221; text_font_size_last_edited=&#8221;on|desktop&#8221; header_2_font_size_tablet=&#8221;36px&#8221; header_2_font_size_phone=&#8221;28px&#8221; header_2_font_size_last_edited=&#8221;on|phone&#8221; global_colors_info=&#8221;{}&#8221;]<\/p>\n<h2>\u00bfTe gustar\u00eda conseguir nuestro tequila?<\/h2>\n<p>Para una atenci\u00f3n personalizada, no dudes enviarnos un WhatsApp.<\/p>\n<p>[\/et_pb_text][et_pb_button button_url=&#8221;https:\/\/wa.link\/mibtmb&#8221; url_new_window=&#8221;on&#8221; button_text=&#8221;Enviar Whatsapp&#8221; button_alignment=&#8221;center&#8221; _builder_version=&#8221;4.27.4&#8243; _module_preset=&#8221;default&#8221; custom_button=&#8221;on&#8221; button_text_color=&#8221;#FFFFFF&#8221; button_bg_color=&#8221;#00bc42&#8243; button_border_color=&#8221;#FFFFFF&#8221; button_border_radius=&#8221;25px&#8221; button_icon=&#8221;&#xf232;||fa||400&#8243; button_icon_placement=&#8221;left&#8221; button_on_hover=&#8221;off&#8221; button_text_size_last_edited=&#8221;off|desktop&#8221; box_shadow_style=&#8221;preset3&#8243; locked=&#8221;off&#8221; global_colors_info=&#8221;{}&#8221; button_text_size__hover_enabled=&#8221;on|hover&#8221; button_text_size__hover=&#8221;24px&#8221;][\/et_pb_button][\/et_pb_column][\/et_pb_row][\/et_pb_section]<\/p>\n","protected":false},"excerpt":{"rendered":"<p>AQU\u00cd ENCUENTRAS NUESTRO TEQUILAPREGUNTAS FRECUENTES:CASAFINA nace en Arandas, Jalisco, una regi\u00f3n reconocida por su tierra volc\u00e1nica rica en minerales, ideal para el cultivo del agave azul. Cada botella refleja el car\u00e1cter de este terru\u00f1o \u00fanico y una elaboraci\u00f3n que honra tanto la tradici\u00f3n como la excelencia.A diferencia de marcas que repiten f\u00f3rmulas, en CASAFINA creemos [&hellip;]<\/p>\n","protected":false},"author":1,"featured_media":0,"parent":0,"menu_order":0,"comment_status":"closed","ping_status":"closed","template":"","meta":{"_et_pb_use_builder":"on","_et_pb_old_content":"<!-- wp:divi\/placeholder \/-->","_et_gb_content_width":"","footnotes":""},"difl_page_category":[],"class_list":["post-279522","page","type-page","status-publish","hentry"],"_links":{"self":[{"href":"https:\/\/tequilacasafina.com\/en\/wp-json\/wp\/v2\/pages\/279522","targetHints":{"allow":["GET"]}}],"collection":[{"href":"https:\/\/tequilacasafina.com\/en\/wp-json\/wp\/v2\/pages"}],"about":[{"href":"https:\/\/tequilacasafina.com\/en\/wp-json\/wp\/v2\/types\/page"}],"author":[{"embeddable":true,"href":"https:\/\/tequilacasafina.com\/en\/wp-json\/wp\/v2\/users\/1"}],"replies":[{"embeddable":true,"href":"https:\/\/tequilacasafina.com\/en\/wp-json\/wp\/v2\/comments?post=279522"}],"version-history":[{"count":18,"href":"https:\/\/tequilacasafina.com\/en\/wp-json\/wp\/v2\/pages\/279522\/revisions"}],"predecessor-version":[{"id":279994,"href":"https:\/\/tequilacasafina.com\/en\/wp-json\/wp\/v2\/pages\/279522\/revisions\/279994"}],"wp:attachment":[{"href":"https:\/\/tequilacasafina.com\/en\/wp-json\/wp\/v2\/media?parent=279522"}],"wp:term":[{"taxonomy":"difl_page_category","embeddable":true,"href":"https:\/\/tequilacasafina.com\/en\/wp-json\/wp\/v2\/difl_page_category?post=279522"}],"curies":[{"name":"wp","href":"https:\/\/api.w.org\/{rel}","templated":true}]}}