{"id":279524,"date":"2025-06-06T06:33:47","date_gmt":"2025-06-06T06:33:47","guid":{"rendered":"https:\/\/tequilacasafina.com\/?page_id=279524"},"modified":"2025-08-08T14:15:48","modified_gmt":"2025-08-08T20:15:48","slug":"vivir-casafina","status":"publish","type":"page","link":"https:\/\/tequilacasafina.com\/en\/vivir-casafina\/","title":{"rendered":"Living CASAFINA"},"content":{"rendered":"[et_pb_section fb_built=&#8221;1&#8243; custom_padding_last_edited=&#8221;off|phone&#8221; admin_label=&#8221;section&#8221; _builder_version=&#8221;4.27.4&#8243; background_color=&#8221;#1D70A7&#8243; custom_margin_tablet=&#8221;&#8221; custom_margin_phone=&#8221;-30px||-30px||false|false&#8221; custom_margin_last_edited=&#8221;on|phone&#8221; global_colors_info=&#8221;{}&#8221;][et_pb_row admin_label=&#8221;row&#8221; _builder_version=&#8221;4.16&#8243; background_size=&#8221;initial&#8221; background_position=&#8221;top_left&#8221; background_repeat=&#8221;repeat&#8221; global_colors_info=&#8221;{}&#8221;][et_pb_column type=&#8221;4_4&#8243; _builder_version=&#8221;4.16&#8243; custom_padding=&#8221;|||&#8221; global_colors_info=&#8221;{}&#8221; custom_padding__hover=&#8221;|||&#8221;][et_pb_text admin_label=&#8221;Text&#8221; _builder_version=&#8221;4.27.4&#8243; text_font=&#8221;&#8211;et_global_body_font||||||||&#8221; text_text_color=&#8221;#FFFFFF&#8221; text_font_size=&#8221;26px&#8221; text_line_height=&#8221;1em&#8221; header_font=&#8221;&#8211;et_global_heading_font|700|||||||&#8221; header_text_align=&#8221;center&#8221; header_text_color=&#8221;#FFFFFF&#8221; header_font_size=&#8221;64px&#8221; background_size=&#8221;initial&#8221; background_position=&#8221;top_left&#8221; background_repeat=&#8221;repeat&#8221; text_orientation=&#8221;center&#8221; text_font_size_tablet=&#8221;26px&#8221; text_font_size_phone=&#8221;26px&#8221; text_font_size_last_edited=&#8221;on|desktop&#8221; header_font_size_tablet=&#8221;42px&#8221; header_font_size_phone=&#8221;32px&#8221; header_font_size_last_edited=&#8221;on|phone&#8221; global_colors_info=&#8221;{}&#8221;]<h1>Vivir CASAFINA no es una tendencia. Es una elecci\u00f3n.<\/h1>\n<p><\/p>[\/et_pb_text][et_pb_text admin_label=&#8221;Text&#8221; _builder_version=&#8221;4.27.4&#8243; text_font=&#8221;&#8211;et_global_body_font|&#8211;et_global_body_font_weight|||||||&#8221; text_text_color=&#8221;#FFFFFF&#8221; text_font_size=&#8221;26px&#8221; text_line_height=&#8221;1em&#8221; header_font=&#8221;&#8211;et_global_heading_font|700|||||||&#8221; header_text_align=&#8221;center&#8221; header_text_color=&#8221;#FFFFFF&#8221; header_font_size=&#8221;64px&#8221; background_size=&#8221;initial&#8221; background_position=&#8221;top_left&#8221; background_repeat=&#8221;repeat&#8221; text_orientation=&#8221;center&#8221; text_font_size_tablet=&#8221;16px&#8221; text_font_size_phone=&#8221;16px&#8221; text_font_size_last_edited=&#8221;on|phone&#8221; header_font_size_tablet=&#8221;34px&#8221; header_font_size_phone=&#8221;18px&#8221; header_font_size_last_edited=&#8221;on|phone&#8221; global_colors_info=&#8221;{}&#8221;]<p data-start=\"1086\" data-end=\"1169\">Porque en un mundo lleno de ruido, elegimos compartir lo que vale la pena recordar.<\/p>\n<p data-start=\"1086\" data-end=\"1169\">As\u00ed como cada gota de nuestro tequila, cada palabra aqu\u00ed busca conectar, inspirar y hacerte volver a lo esencial.<\/p>\n<p><\/p>[\/et_pb_text][\/et_pb_column][\/et_pb_row][\/et_pb_section][et_pb_section fb_built=&#8221;1&#8243; _builder_version=&#8221;4.27.4&#8243; _module_preset=&#8221;default&#8221; global_colors_info=&#8221;{}&#8221;][et_pb_row _builder_version=&#8221;4.27.4&#8243; _module_preset=&#8221;default&#8221; global_colors_info=&#8221;{}&#8221;][et_pb_column type=&#8221;4_4&#8243; _builder_version=&#8221;4.27.4&#8243; _module_preset=&#8221;default&#8221; global_colors_info=&#8221;{}&#8221;][et_pb_blog fullwidth=&#8221;off&#8221; posts_number=&#8221;6&#8243; include_categories=&#8221;26&#8243; show_author=&#8221;off&#8221; masonry_tile_background_color=&#8221;rgba(255,255,255,0.1)&#8221; _builder_version=&#8221;4.27.4&#8243; _module_preset=&#8221;_initial&#8221; header_font=&#8221;&#8211;et_global_heading_font|700|||||||&#8221; header_text_color=&#8221;#0A0A0A&#8221; header_font_size=&#8221;20px&#8221; header_line_height=&#8221;1.4em&#8221; body_font=&#8221;Lato||||||||&#8221; body_text_color=&#8221;#4C4C4C&#8221; body_line_height=&#8221;1.8em&#8221; meta_font=&#8221;&#8211;et_global_body_font|500||on|||||&#8221; meta_text_color=&#8221;#1D70A7&#8243; meta_font_size=&#8221;12px&#8221; read_more_font=&#8221;Roboto Mono|700||on|||||&#8221; read_more_text_color=&#8221;#1D70A7&#8243; read_more_letter_spacing=&#8221;1px&#8221; pagination_font=&#8221;Exo 2||||||||&#8221; pagination_text_color=&#8221;#FFFFFF&#8221; pagination_font_size=&#8221;20px&#8221; header_font_size_tablet=&#8221;16px&#8221; header_font_size_phone=&#8221;15px&#8221; header_font_size_last_edited=&#8221;on|desktop&#8221; pagination_font_size_tablet=&#8221;16px&#8221; pagination_font_size_phone=&#8221;15px&#8221; pagination_font_size_last_edited=&#8221;on|tablet&#8221; border_width_all=&#8221;0px&#8221; border_color_all=&#8221;rgba(255,255,255,0.4)&#8221; locked=&#8221;off&#8221; global_colors_info=&#8221;{}&#8221;][\/et_pb_blog][\/et_pb_column][\/et_pb_row][et_pb_row _builder_version=&#8221;4.27.4&#8243; _module_preset=&#8221;default&#8221; width=&#8221;100%&#8221; width_last_edited=&#8221;on|phone&#8221; hover_enabled=&#8221;0&#8243; sticky_enabled=&#8221;0&#8243; width_tablet=&#8221;100%&#8221; width_phone=&#8221;100%&#8221; module_alignment=&#8221;center&#8221; background_color=&#8221;#1D70A7&#8243; custom_padding=&#8221;25px||15px||false|false&#8221; custom_margin=&#8221;0px||0px||true|false&#8221; custom_padding_last_edited=&#8221;on|desktop&#8221; custom_padding_phone=&#8221;|15px||15px|false|true&#8221; max_width=&#8221;2560px&#8221; custom_padding_tablet=&#8221;25px||15px||false|false&#8221;][et_pb_column _builder_version=&#8221;4.27.4&#8243; _module_preset=&#8221;default&#8221; type=&#8221;4_4&#8243;][et_pb_text _builder_version=&#8221;4.27.4&#8243; _module_preset=&#8221;default&#8221; header_text_align=&#8221;center&#8221; header_font=&#8221;|600||on|||||&#8221; hover_enabled=&#8221;0&#8243; sticky_enabled=&#8221;0&#8243; header_font_size_last_edited=&#8221;on|phone&#8221; header_font_size=&#8221;38px&#8221; header_font_size_tablet=&#8221;26px&#8221; header_font_size_phone=&#8221;18px&#8221; header_text_color=&#8221;#FFFFFF&#8221;]<h1>Encuentra nuestro tequila en estos establecimientos<\/h1>[\/et_pb_text][\/et_pb_column][\/et_pb_row][et_pb_row _builder_version=&#8221;4.27.4&#8243; _module_preset=&#8221;default&#8221;][et_pb_column _builder_version=&#8221;4.27.4&#8243; _module_preset=&#8221;default&#8221; type=&#8221;4_4&#8243;][difl_justifiedgallery _builder_version=&#8221;4.27.4&#8243; _module_preset=&#8221;default&#8221; gallery=&#8221;279996,279997,279998,279999,280000,280001,280002,280003&#8243; image_size=&#8221;large&#8221; rowheight=&#8221;250&#8243; space_between=&#8221;20&#8243; hover_enabled=&#8221;0&#8243; sticky_enabled=&#8221;0&#8243;][\/difl_justifiedgallery][\/et_pb_column][\/et_pb_row][\/et_pb_section][et_pb_section fb_built=&#8221;1&#8243; _builder_version=&#8221;4.27.4&#8243; _module_preset=&#8221;default&#8221; background_color=&#8221;#1D70A7&#8243; custom_margin=&#8221;-15px||||false|false&#8221; global_colors_info=&#8221;{}&#8221;][et_pb_row _builder_version=&#8221;4.27.4&#8243; _module_preset=&#8221;default&#8221; global_colors_info=&#8221;{}&#8221;][et_pb_column type=&#8221;4_4&#8243; _builder_version=&#8221;4.27.4&#8243; _module_preset=&#8221;default&#8221; global_colors_info=&#8221;{}&#8221;][et_pb_text _builder_version=&#8221;4.27.4&#8243; _module_preset=&#8221;default&#8221; text_font=&#8221;&#8211;et_global_body_font|300|||||||&#8221; text_text_color=&#8221;#FFFFFF&#8221; text_font_size=&#8221;21px&#8221; header_font=&#8221;&#8211;et_global_heading_font|700||on|||||&#8221; header_text_align=&#8221;center&#8221; header_text_color=&#8221;#FFFFFF&#8221; header_font_size=&#8221;62px&#8221; text_orientation=&#8221;center&#8221; text_font_size_tablet=&#8221;13px&#8221; text_font_size_phone=&#8221;12px&#8221; text_font_size_last_edited=&#8221;on|tablet&#8221; header_font_size_tablet=&#8221;42px&#8221; header_font_size_phone=&#8221;36px&#8221; header_font_size_last_edited=&#8221;on|phone&#8221; global_colors_info=&#8221;{}&#8221;]<h1>\u00danete al mundo CASAFINA<\/h1>\n<p>Recibe antes que nadie nuestras ediciones especiales, catas exclusivas y secretos del buen tequila.<br \/>Suscr\u00edbete y forma parte de una tradici\u00f3n que se saborea con orgullo.<\/p>[\/et_pb_text][\/et_pb_column][\/et_pb_row][et_pb_row _builder_version=&#8221;4.27.4&#8243; _module_preset=&#8221;default&#8221; width=&#8221;20%&#8221; width_tablet=&#8221;45%&#8221; width_phone=&#8221;70%&#8221; width_last_edited=&#8221;on|phone&#8221; global_colors_info=&#8221;{}&#8221;][et_pb_column type=&#8221;4_4&#8243; _builder_version=&#8221;4.27.4&#8243; _module_preset=&#8221;default&#8221; global_colors_info=&#8221;{}&#8221;][difl_cfseven cf7_forms=&#8221;279499&#8243; input_background_bgcolor=&#8221;#FFFFFF&#8221; submit_background_bgcolor=&#8221;#1D70A7&#8243; submit_margin=&#8221;15px||||false|false&#8221; submit_margin_tablet=&#8221;15px||||false|false&#8221; submit_margin_phone=&#8221;15px||||false|false&#8221; submit_margin_last_edited=&#8221;on|desktop&#8221; submit_button_align=&#8221;center&#8221; _builder_version=&#8221;4.27.4&#8243; _module_preset=&#8221;default&#8221; label_font=&#8221;&#8211;et_global_heading_font|800||on|||||&#8221; label_text_color=&#8221;#1D70A7&#8243; label_letter_spacing=&#8221;1px&#8221; label_line_height=&#8221;0.9em&#8221; input_font=&#8221;&#8211;et_global_body_font||||||||&#8221; input_text_color=&#8221;#9b9b9b&#8221; submit_font=&#8221;&#8211;et_global_body_font||||||||&#8221; submit_text_color=&#8221;#FFFFFF&#8221; submit_font_size=&#8221;19px&#8221; background_color=&#8221;rgba(255,255,255,0.8)&#8221; custom_padding=&#8221;|60px|30px|60px|false|true&#8221; border_radii_submit=&#8221;on|5px|5px|5px|5px&#8221; border_color_all_submit=&#8221;#FFFFFF&#8221; border_radii=&#8221;on|5px|5px|5px|5px&#8221; box_shadow_style_submit=&#8221;preset3&#8243; box_shadow_vertical_submit=&#8221;10px&#8221; box_shadow_blur_submit=&#8221;14px&#8221; box_shadow_spread_submit=&#8221;-8px&#8221; box_shadow_style=&#8221;preset3&#8243; global_colors_info=&#8221;{}&#8221;][\/difl_cfseven][\/et_pb_column][\/et_pb_row][\/et_pb_section][et_pb_section fb_built=&#8221;1&#8243; fullwidth=&#8221;on&#8221; _builder_version=&#8221;4.27.4&#8243; _module_preset=&#8221;default&#8221; global_colors_info=&#8221;{}&#8221;][et_pb_fullwidth_image src=&#8221;https:\/\/tequilacasafina.com\/wp-content\/uploads\/2025\/06\/AGAVE_horizontal.png&#8221; title_text=&#8221;AGAVE_horizontal&#8221; _builder_version=&#8221;4.27.4&#8243; _module_preset=&#8221;default&#8221; global_colors_info=&#8221;{}&#8221;][\/et_pb_fullwidth_image][\/et_pb_section]","protected":false},"excerpt":{"rendered":"<p>Vivir CASAFINA no es una tendencia. Es una elecci\u00f3n. Porque en un mundo lleno de ruido, elegimos compartir lo que vale la pena recordar. As\u00ed como cada gota de nuestro tequila, cada palabra aqu\u00ed busca conectar, inspirar y hacerte volver a lo esencial. Encuentra nuestro tequila en estos establecimientos<div class=\"et_pb_with_border et_pb_module difl_justifiedgallery difl_justifiedgallery_0\">\n\t\t\t\t\n\t\t\t\t\n\t\t\t\t\n\t\t\t\t\n\t\t\t\t\n\t\t\t\t\n\t\t\t\t<div class=\"et_pb_module_inner\">\n\t\t\t\t\t<div class=\"df_jsg_container\" data-settings='{\"gallery\":\"&#8221;279996,279997,279998,279999,280000,280001,280002,280003&#8243;\",\"rowHeight\":\"&#8221;250&#8243;\",\"margin\":\"&#8221;20&#8243;\",\"show_caption\":\"off\",\"show_description\":\"off\",\"load_more\":\"off\",\"image_count\":\"4\",\"ini_count\":\"8\",\"show_content_lg\":\"off\",\"use_lightbox\":\"off\",\"use_lightbox_download\":\"off\",\"content_reveal_caption\":\"c4-fade-up\",\"content_reveal_description\":\"c4-fade-up\",\"content_position\":\"c4-layout-top-left\",\"image_scale\":\"no-image-scale\",\"overlay\":\"off\",\"image_size\":\"&#8221;large&#8221;\",\"caption_tag\":\"h4\",\"description_tag\":\"p\",\"border_anim\":\"off\",\"border_anm_style\":\"c4-border-fade\",\"use_url\":\"off\",\"url_target\":\"same_window\",\"show_pagination\":\"off\",\"pagination_img_count\":\"8\",\"use_number_pagination\":\"off\",\"older_text\":\"Older Entries\",\"newer_text\":\"Next Entries\",\"use_icon_only_at_pagination\":\"off\"}'>\r\n                <div class=\"justified-gallery\"><figure class=\"c4-izmir df_jsg_image no-image-scale  has_overlay  image_loading\" data-src=\"data:image\/svg+xml;base64,PHN2ZyB3aWR0aD0iMTA4MCIgaGVpZ2h0PSI1NDAiIHZpZXdCb3g9IjAgMCAxMDgwIDU0MCIgeG1sbnM9Imh0dHA6Ly93d3cudzMub3JnLzIwMDAvc3ZnIj4KICAgIDxnIGZpbGw9Im5vbmUiIGZpbGwtcnVsZT0iZXZlbm9kZCI+CiAgICAgICAgPHBhdGggZmlsbD0iI0VCRUJFQiIgZD0iTTAgMGgxMDgwdjU0MEgweiIvPgogICAgICAgIDxwYXRoIGQ9Ik00NDUuNjQ5IDU0MGgtOTguOTk1TDE0NC42NDkgMzM3Ljk5NSAwIDQ4Mi42NDR2LTk4Ljk5NWwxMTYuMzY1LTExNi4zNjVjMTUuNjItMTUuNjIgNDAuOTQ3LTE1LjYyIDU2LjU2OCAwTDQ0NS42NSA1NDB6IiBmaWxsLW9wYWNpdHk9Ii4xIiBmaWxsPSIjMDAwIiBmaWxsLXJ1bGU9Im5vbnplcm8iLz4KICAgICAgICA8Y2lyY2xlIGZpbGwtb3BhY2l0eT0iLjA1IiBmaWxsPSIjMDAwIiBjeD0iMzMxIiBjeT0iMTQ4IiByPSI3MCIvPgogICAgICAgIDxwYXRoIGQ9Ik0xMDgwIDM3OXYxMTMuMTM3TDcyOC4xNjIgMTQwLjMgMzI4LjQ2MiA1NDBIMjE1LjMyNEw2OTkuODc4IDU1LjQ0NmMxNS42Mi0xNS42MiA0MC45NDgtMTUuNjIgNTYuNTY4IDBMMTA4MCAzNzl6IiBmaWxsLW9wYWNpdHk9Ii4yIiBmaWxsPSIjMDAwIiBmaWxsLXJ1bGU9Im5vbnplcm8iLz4KICAgIDwvZz4KPC9zdmc+Cg==\"  >\r\n                    \r\n                    \r\n                    <img decoding=\"async\" class=\"jsg-image\" src=\"data:image\/svg+xml;base64,PHN2ZyB3aWR0aD0iMTA4MCIgaGVpZ2h0PSI1NDAiIHZpZXdCb3g9IjAgMCAxMDgwIDU0MCIgeG1sbnM9Imh0dHA6Ly93d3cudzMub3JnLzIwMDAvc3ZnIj4KICAgIDxnIGZpbGw9Im5vbmUiIGZpbGwtcnVsZT0iZXZlbm9kZCI+CiAgICAgICAgPHBhdGggZmlsbD0iI0VCRUJFQiIgZD0iTTAgMGgxMDgwdjU0MEgweiIvPgogICAgICAgIDxwYXRoIGQ9Ik00NDUuNjQ5IDU0MGgtOTguOTk1TDE0NC42NDkgMzM3Ljk5NSAwIDQ4Mi42NDR2LTk4Ljk5NWwxMTYuMzY1LTExNi4zNjVjMTUuNjItMTUuNjIgNDAuOTQ3LTE1LjYyIDU2LjU2OCAwTDQ0NS42NSA1NDB6IiBmaWxsLW9wYWNpdHk9Ii4xIiBmaWxsPSIjMDAwIiBmaWxsLXJ1bGU9Im5vbnplcm8iLz4KICAgICAgICA8Y2lyY2xlIGZpbGwtb3BhY2l0eT0iLjA1IiBmaWxsPSIjMDAwIiBjeD0iMzMxIiBjeT0iMTQ4IiByPSI3MCIvPgogICAgICAgIDxwYXRoIGQ9Ik0xMDgwIDM3OXYxMTMuMTM3TDcyOC4xNjIgMTQwLjMgMzI4LjQ2MiA1NDBIMjE1LjMyNEw2OTkuODc4IDU1LjQ0NmMxNS42Mi0xNS42MiA0MC45NDgtMTUuNjIgNTYuNTY4IDBMMTA4MCAzNzl6IiBmaWxsLW9wYWNpdHk9Ii4yIiBmaWxsPSIjMDAwIiBmaWxsLXJ1bGU9Im5vbnplcm8iLz4KICAgIDwvZz4KPC9zdmc+Cg==\" alt=\"\" width=\"\" height=\"\"\/>\r\n                    <figcaption class=\"df_jsg_content c4-layout-top-left\">\r\n                        \r\n                    <\/figcaption>\r\n                <\/figure><figure class=\"c4-izmir df_jsg_image no-image-scale  has_overlay  image_loading\" data-src=\"https:\/\/tequilacasafina.com\/wp-content\/uploads\/2025\/08\/2-LA-TRATTORIA-PALACIO.png\"  >\r\n                    \r\n                    \r\n                    <img loading=\"lazy\" decoding=\"async\" class=\"jsg-image\" src=\"https:\/\/tequilacasafina.com\/wp-content\/uploads\/2025\/08\/2-LA-TRATTORIA-PALACIO.png\" alt=\"\" width=\"800\" height=\"800\"\/>\r\n                    <figcaption class=\"df_jsg_content c4-layout-top-left\">\r\n                        \r\n                    <\/figcaption>\r\n                <\/figure><figure class=\"c4-izmir df_jsg_image no-image-scale  has_overlay  image_loading\" data-src=\"https:\/\/tequilacasafina.com\/wp-content\/uploads\/2025\/08\/3-VID-MEXICANA.png\"  >\r\n                    \r\n                    \r\n                    <img loading=\"lazy\" decoding=\"async\" class=\"jsg-image\" src=\"https:\/\/tequilacasafina.com\/wp-content\/uploads\/2025\/08\/3-VID-MEXICANA.png\" alt=\"\" width=\"800\" height=\"800\"\/>\r\n                    <figcaption class=\"df_jsg_content c4-layout-top-left\">\r\n                        \r\n                    <\/figcaption>\r\n                <\/figure><figure class=\"c4-izmir df_jsg_image no-image-scale  has_overlay  image_loading\" data-src=\"https:\/\/tequilacasafina.com\/wp-content\/uploads\/2025\/08\/4-SANTINO.png\"  >\r\n                    \r\n                    \r\n                    <img loading=\"lazy\" decoding=\"async\" class=\"jsg-image\" src=\"https:\/\/tequilacasafina.com\/wp-content\/uploads\/2025\/08\/4-SANTINO.png\" alt=\"\" width=\"800\" height=\"800\"\/>\r\n                    <figcaption class=\"df_jsg_content c4-layout-top-left\">\r\n                        \r\n                    <\/figcaption>\r\n                <\/figure><figure class=\"c4-izmir df_jsg_image no-image-scale  has_overlay  image_loading\" data-src=\"https:\/\/tequilacasafina.com\/wp-content\/uploads\/2025\/08\/5-CAFE-TACOBAR.png\"  >\r\n                    \r\n                    \r\n                    <img loading=\"lazy\" decoding=\"async\" class=\"jsg-image\" src=\"https:\/\/tequilacasafina.com\/wp-content\/uploads\/2025\/08\/5-CAFE-TACOBAR.png\" alt=\"\" width=\"800\" height=\"800\"\/>\r\n                    <figcaption class=\"df_jsg_content c4-layout-top-left\">\r\n                        \r\n                    <\/figcaption>\r\n                <\/figure><figure class=\"c4-izmir df_jsg_image no-image-scale  has_overlay  image_loading\" data-src=\"https:\/\/tequilacasafina.com\/wp-content\/uploads\/2025\/08\/6-CAVA-BELLIZIA.png\"  >\r\n                    \r\n                    \r\n                    <img loading=\"lazy\" decoding=\"async\" class=\"jsg-image\" src=\"https:\/\/tequilacasafina.com\/wp-content\/uploads\/2025\/08\/6-CAVA-BELLIZIA.png\" alt=\"\" width=\"800\" height=\"800\"\/>\r\n                    <figcaption class=\"df_jsg_content c4-layout-top-left\">\r\n                        \r\n                    <\/figcaption>\r\n                <\/figure><figure class=\"c4-izmir df_jsg_image no-image-scale  has_overlay  image_loading\" data-src=\"https:\/\/tequilacasafina.com\/wp-content\/uploads\/2025\/08\/7-Lepanto.png\"  >\r\n                    \r\n                    \r\n                    <img loading=\"lazy\" decoding=\"async\" class=\"jsg-image\" src=\"https:\/\/tequilacasafina.com\/wp-content\/uploads\/2025\/08\/7-Lepanto.png\" alt=\"\" width=\"800\" height=\"800\"\/>\r\n                    <figcaption class=\"df_jsg_content c4-layout-top-left\">\r\n                        \r\n                    <\/figcaption>\r\n                <\/figure><figure class=\"c4-izmir df_jsg_image no-image-scale  has_overlay  image_loading\" data-src=\"https:\/\/tequilacasafina.com\/wp-content\/uploads\/2025\/08\/8-EL-RANCHO.png\"  >\r\n                    \r\n                    \r\n                    <img loading=\"lazy\" decoding=\"async\" class=\"jsg-image\" src=\"https:\/\/tequilacasafina.com\/wp-content\/uploads\/2025\/08\/8-EL-RANCHO.png\" alt=\"\" width=\"800\" height=\"800\"\/>\r\n                    <figcaption class=\"df_jsg_content c4-layout-top-left\">\r\n                        \r\n                    <\/figcaption>\r\n                <\/figure><\/div>\r\n                \r\n                \r\n            <\/div>\n\t\t\t\t<\/div>\n\t\t\t<\/div><\/p>","protected":false},"author":1,"featured_media":0,"parent":0,"menu_order":0,"comment_status":"closed","ping_status":"closed","template":"","meta":{"_et_pb_use_builder":"on","_et_pb_old_content":"<!-- wp:divi\/placeholder \/-->","_et_gb_content_width":"","footnotes":""},"difl_page_category":[],"class_list":["post-279524","page","type-page","status-publish","hentry"],"_links":{"self":[{"href":"https:\/\/tequilacasafina.com\/en\/wp-json\/wp\/v2\/pages\/279524","targetHints":{"allow":["GET"]}}],"collection":[{"href":"https:\/\/tequilacasafina.com\/en\/wp-json\/wp\/v2\/pages"}],"about":[{"href":"https:\/\/tequilacasafina.com\/en\/wp-json\/wp\/v2\/types\/page"}],"author":[{"embeddable":true,"href":"https:\/\/tequilacasafina.com\/en\/wp-json\/wp\/v2\/users\/1"}],"replies":[{"embeddable":true,"href":"https:\/\/tequilacasafina.com\/en\/wp-json\/wp\/v2\/comments?post=279524"}],"version-history":[{"count":12,"href":"https:\/\/tequilacasafina.com\/en\/wp-json\/wp\/v2\/pages\/279524\/revisions"}],"predecessor-version":[{"id":280005,"href":"https:\/\/tequilacasafina.com\/en\/wp-json\/wp\/v2\/pages\/279524\/revisions\/280005"}],"wp:attachment":[{"href":"https:\/\/tequilacasafina.com\/en\/wp-json\/wp\/v2\/media?parent=279524"}],"wp:term":[{"taxonomy":"difl_page_category","embeddable":true,"href":"https:\/\/tequilacasafina.com\/en\/wp-json\/wp\/v2\/difl_page_category?post=279524"}],"curies":[{"name":"wp","href":"https:\/\/api.w.org\/{rel}","templated":true}]}}