{"id":279581,"date":"2025-06-08T00:42:08","date_gmt":"2025-06-08T00:42:08","guid":{"rendered":"https:\/\/tequilacasafina.com\/?page_id=279581"},"modified":"2025-07-11T01:21:31","modified_gmt":"2025-07-11T01:21:31","slug":"tequila-casafina-reposado","status":"publish","type":"page","link":"https:\/\/tequilacasafina.com\/en\/tequila-casafina-reposado\/","title":{"rendered":"CASAFINA REPOSADO TEQUILA"},"content":{"rendered":"<p>[et_pb_section fb_built=&#8221;1&#8243; fullwidth=&#8221;on&#8221; _builder_version=&#8221;4.27.4&#8243; _module_preset=&#8221;default&#8221; global_colors_info=&#8221;{}&#8221;][et_pb_fullwidth_image src=&#8221;https:\/\/tequilacasafina.com\/wp-content\/uploads\/2025\/07\/REPOSADO-PORTADA.jpg&#8221; title_text=&#8221;REPOSADO-PORTADA&#8221; _builder_version=&#8221;4.27.4&#8243; _module_preset=&#8221;default&#8221; custom_padding_tablet=&#8221;&#8221; custom_padding_phone=&#8221;&#8221; custom_padding_last_edited=&#8221;on|phone&#8221; global_colors_info=&#8221;{}&#8221;][\/et_pb_fullwidth_image][\/et_pb_section][et_pb_section fb_built=&#8221;1&#8243; _builder_version=&#8221;4.27.4&#8243; _module_preset=&#8221;default&#8221; background_color=&#8221;rgba(255,255,255,0.9)&#8221; background_image=&#8221;https:\/\/tequilacasafina.com\/wp-content\/uploads\/2024\/02\/Fondo-5.png&#8221; background_blend=&#8221;soft-light&#8221; global_colors_info=&#8221;{}&#8221;][et_pb_row column_structure=&#8221;3_5,2_5&#8243; use_custom_gutter=&#8221;on&#8221; gutter_width=&#8221;1&#8243; _builder_version=&#8221;4.27.4&#8243; _module_preset=&#8221;default&#8221; width=&#8221;100%&#8221; max_width=&#8221;1920px&#8221; global_colors_info=&#8221;{}&#8221;][et_pb_column type=&#8221;3_5&#8243; _builder_version=&#8221;4.27.4&#8243; _module_preset=&#8221;default&#8221; global_colors_info=&#8221;{}&#8221;][et_pb_text _builder_version=&#8221;4.27.4&#8243; _module_preset=&#8221;default&#8221; header_font=&#8221;&#8211;et_global_heading_font|700|||||||&#8221; header_text_align=&#8221;center&#8221; header_text_color=&#8221;#871811&#8243; header_font_size=&#8221;82px&#8221; header_2_font=&#8221;&#8211;et_global_heading_font|600|||||||&#8221; header_2_text_align=&#8221;center&#8221; header_2_font_size=&#8221;42px&#8221; custom_margin=&#8221;245px||||false|false&#8221; custom_margin_tablet=&#8221;0px||||false|false&#8221; custom_margin_phone=&#8221;0px||||false|false&#8221; custom_margin_last_edited=&#8221;on|phone&#8221; header_font_size_tablet=&#8221;74px&#8221; header_font_size_phone=&#8221;38px&#8221; header_font_size_last_edited=&#8221;on|phone&#8221; header_2_font_size_tablet=&#8221;32px&#8221; header_2_font_size_phone=&#8221;18px&#8221; header_2_font_size_last_edited=&#8221;on|phone&#8221; global_colors_info=&#8221;{}&#8221;]<\/p>\n<h1>TEQUILA CASAFINA REPOSADO<\/h1>\n<h2>Tiempo, madera y esencia: un tequila que madura con intenci\u00f3n.<\/h2>\n<p>&nbsp;<\/p>\n<p>[\/et_pb_text][\/et_pb_column][et_pb_column type=&#8221;2_5&#8243; _builder_version=&#8221;4.27.4&#8243; _module_preset=&#8221;default&#8221; global_colors_info=&#8221;{}&#8221;][et_pb_image src=&#8221;https:\/\/tequilacasafina.com\/wp-content\/uploads\/2025\/01\/Tequila-Reposado-Medals-scaled.webp&#8221; title_text=&#8221;Tequila Reposado Medals&#8221; align=&#8221;center&#8221; _builder_version=&#8221;4.27.4&#8243; _module_preset=&#8221;default&#8221; width=&#8221;50%&#8221; global_colors_info=&#8221;{}&#8221;][\/et_pb_image][\/et_pb_column][\/et_pb_row][et_pb_row column_structure=&#8221;1_3,1_3,1_3&#8243; use_custom_gutter=&#8221;on&#8221; gutter_width=&#8221;1&#8243; _builder_version=&#8221;4.27.4&#8243; _module_preset=&#8221;default&#8221; width=&#8221;100%&#8221; max_width=&#8221;1920px&#8221; global_colors_info=&#8221;{}&#8221;][et_pb_column type=&#8221;1_3&#8243; _builder_version=&#8221;4.27.4&#8243; _module_preset=&#8221;default&#8221; global_colors_info=&#8221;{}&#8221;][et_pb_blurb title=&#8221;Notas arom\u00e1ticas:&#8221; image=&#8221;https:\/\/tequilacasafina.com\/wp-content\/uploads\/2025\/06\/AROMA.svg&#8221; image_icon_width=&#8221;25%&#8221; icon_alignment=&#8221;left&#8221; image_icon_width_tablet=&#8221;25%&#8221; image_icon_width_phone=&#8221;25%&#8221; image_icon_width_last_edited=&#8221;on|desktop&#8221; _builder_version=&#8221;4.27.4&#8243; _module_preset=&#8221;default&#8221; header_font=&#8221;&#8211;et_global_heading_font|600||on|||||&#8221; header_text_color=&#8221;#871811&#8243; custom_padding_tablet=&#8221;&#8221; custom_padding_phone=&#8221;|25px||25px|false|true&#8221; custom_padding_last_edited=&#8221;on|phone&#8221; child_filter_hue_rotate=&#8221;145deg&#8221; global_colors_info=&#8221;{}&#8221;]<\/p>\n<p><strong>Aromas que cuentan historias:<\/strong><\/p>\n<ul>\n<li data-start=\"959\" data-end=\"1019\">\n<p data-start=\"961\" data-end=\"1019\"><strong data-start=\"961\" data-end=\"990\">Agave cocido caramelizado<\/strong>, con profundidad y dulzura<\/p>\n<\/li>\n<li data-start=\"1020\" data-end=\"1074\">\n<p data-start=\"1022\" data-end=\"1074\"><strong data-start=\"1022\" data-end=\"1049\">C\u00e1scara de naranja seca<\/strong> y <strong data-start=\"1052\" data-end=\"1072\">almendra tostada<\/strong><\/p>\n<\/li>\n<li data-start=\"1075\" data-end=\"1129\">\n<p data-start=\"1077\" data-end=\"1129\">Frutas cocidas: <strong data-start=\"1093\" data-end=\"1110\">manzana asada<\/strong>, <strong data-start=\"1112\" data-end=\"1127\">pera madura<\/strong><\/p>\n<\/li>\n<li data-start=\"1130\" data-end=\"1181\">\n<p data-start=\"1132\" data-end=\"1181\"><strong data-start=\"1132\" data-end=\"1148\">Madera suave<\/strong> (vainilla, coco, roble ligero)<\/p>\n<\/li>\n<li data-start=\"1182\" data-end=\"1277\">\n<p data-start=\"1184\" data-end=\"1277\">Sutiles toques de <strong data-start=\"1202\" data-end=\"1216\">caf\u00e9 claro<\/strong>, <strong data-start=\"1218\" data-end=\"1234\">nuez moscada<\/strong>, <strong data-start=\"1236\" data-end=\"1246\">canela<\/strong>, y un toque de <strong data-start=\"1262\" data-end=\"1277\">clavo dulce<\/strong><\/p>\n<\/li>\n<\/ul>\n<p>[\/et_pb_blurb][\/et_pb_column][et_pb_column type=&#8221;1_3&#8243; _builder_version=&#8221;4.27.4&#8243; _module_preset=&#8221;default&#8221; global_colors_info=&#8221;{}&#8221;][et_pb_blurb title=&#8221;Paladar:&#8221; image=&#8221;https:\/\/tequilacasafina.com\/wp-content\/uploads\/2025\/06\/SABOR.svg&#8221; image_icon_width=&#8221;25%&#8221; icon_alignment=&#8221;left&#8221; image_icon_width_tablet=&#8221;25%&#8221; image_icon_width_phone=&#8221;25%&#8221; image_icon_width_last_edited=&#8221;on|desktop&#8221; _builder_version=&#8221;4.27.4&#8243; _module_preset=&#8221;default&#8221; header_font=&#8221;&#8211;et_global_heading_font|600||on|||||&#8221; header_text_color=&#8221;#871811&#8243; custom_padding_tablet=&#8221;&#8221; custom_padding_phone=&#8221;|25px||25px|false|true&#8221; custom_padding_last_edited=&#8221;on|phone&#8221; child_filter_hue_rotate=&#8221;145deg&#8221; global_colors_info=&#8221;{}&#8221;]<\/p>\n<p><strong>Redondez, cuerpo y calidez.<\/strong><\/p>\n<p>La barrica aporta una sensaci\u00f3n envolvente y aterciopelada. El agave cocido profundo domina, acompa\u00f1ado por notas de <strong>vainilla<\/strong>, <strong>caramelo suave<\/strong> y <strong>frutas maduras<\/strong> como un delicado <strong>pl\u00e1tano dorado<\/strong>. El final es largo, amable y perfectamente balanceado.<\/p>\n<p>[\/et_pb_blurb][\/et_pb_column][et_pb_column type=&#8221;1_3&#8243; _builder_version=&#8221;4.27.4&#8243; _module_preset=&#8221;default&#8221; global_colors_info=&#8221;{}&#8221;][et_pb_blurb title=&#8221;Ideal para:&#8221; image=&#8221;https:\/\/tequilacasafina.com\/wp-content\/uploads\/2025\/06\/COPA.svg&#8221; image_icon_width=&#8221;25%&#8221; icon_alignment=&#8221;left&#8221; image_icon_width_tablet=&#8221;25%&#8221; image_icon_width_phone=&#8221;25%&#8221; image_icon_width_last_edited=&#8221;on|desktop&#8221; _builder_version=&#8221;4.27.4&#8243; _module_preset=&#8221;default&#8221; header_font=&#8221;&#8211;et_global_heading_font|600||on|||||&#8221; header_text_color=&#8221;#871811&#8243; custom_padding_tablet=&#8221;&#8221; custom_padding_phone=&#8221;|25px||25px|false|true&#8221; custom_padding_last_edited=&#8221;on|phone&#8221; child_filter_hue_rotate=&#8221;145deg&#8221; global_colors_info=&#8221;{}&#8221;]<\/p>\n<ul>\n<li>Degustar lentamente, en compa\u00f1\u00eda<\/li>\n<li>Maridar con carnes al grill, quesos a\u00f1ejos o postres con especias<\/li>\n<li>Disfrutar en una cata o regalar a quienes aprecian lo artesanal<\/li>\n<\/ul>\n<p>[\/et_pb_blurb][\/et_pb_column][\/et_pb_row][et_pb_row column_structure=&#8221;2_5,3_5&#8243; use_custom_gutter=&#8221;on&#8221; gutter_width=&#8221;1&#8243; _builder_version=&#8221;4.27.4&#8243; _module_preset=&#8221;default&#8221; global_colors_info=&#8221;{}&#8221;][et_pb_column type=&#8221;2_5&#8243; _builder_version=&#8221;4.27.4&#8243; _module_preset=&#8221;default&#8221; global_colors_info=&#8221;{}&#8221;][et_pb_image src=&#8221;https:\/\/tequilacasafina.com\/wp-content\/uploads\/2025\/06\/R-botella-y-cajaS_Fondo.png&#8221; title_text=&#8221;R-botella y cajaS_Fondo&#8221; align=&#8221;center&#8221; _builder_version=&#8221;4.27.4&#8243; _module_preset=&#8221;default&#8221; width=&#8221;85%&#8221; global_colors_info=&#8221;{}&#8221;][\/et_pb_image][\/et_pb_column][et_pb_column type=&#8221;3_5&#8243; _builder_version=&#8221;4.27.4&#8243; _module_preset=&#8221;default&#8221; global_colors_info=&#8221;{}&#8221;][et_pb_text _builder_version=&#8221;4.27.4&#8243; _module_preset=&#8221;default&#8221; text_font=&#8221;&#8211;et_global_body_font||||||||&#8221; text_font_size=&#8221;18px&#8221; header_font=&#8221;&#8211;et_global_heading_font|700||on|||||&#8221; header_text_color=&#8221;#871811&#8243; custom_margin=&#8221;50px|||||&#8221; custom_padding=&#8221;15px||||false|false&#8221; text_font_size_tablet=&#8221;18px&#8221; text_font_size_phone=&#8221;18px&#8221; text_font_size_last_edited=&#8221;on|desktop&#8221; global_colors_info=&#8221;{}&#8221;]<\/p>\n<h1>Lo que se toma su tiempo, sabe diferente.<\/h1>\n<p>CASAFINA Reposado es el equilibrio perfecto entre car\u00e1cter y calma. Reposa de 6 a 8 meses en barricas de roble americano, tiempo suficiente para suavizar sus notas sin perder la fuerza del agave.<\/p>\n<p>Este tequila est\u00e1 hecho para quienes valoran los matices, para quienes saben que en la pausa se encuentra el sabor m\u00e1s profundo. Cada trago es un instante de conexi\u00f3n: con la tierra, con la historia y con quien elige brindar con sentido.<\/p>\n<p>[\/et_pb_text][\/et_pb_column][\/et_pb_row][et_pb_row _builder_version=&#8221;4.27.4&#8243; _module_preset=&#8221;default&#8221; global_colors_info=&#8221;{}&#8221;][et_pb_column type=&#8221;4_4&#8243; _builder_version=&#8221;4.27.4&#8243; _module_preset=&#8221;default&#8221; global_colors_info=&#8221;{}&#8221;][et_pb_button button_url=&#8221;#boton&#8221; button_text=&#8221;COMPRAR AHORA!&#8221; button_alignment=&#8221;center&#8221; _builder_version=&#8221;4.27.4&#8243; _module_preset=&#8221;default&#8221; custom_button=&#8221;on&#8221; button_text_size=&#8221;32px&#8221; button_text_color=&#8221;#FFFFFF&#8221; button_bg_color=&#8221;#871811&#8243; button_border_width=&#8221;4px&#8221; button_border_color=&#8221;#FFFFFF&#8221; button_border_radius=&#8221;15px&#8221; button_letter_spacing=&#8221;10px&#8221; button_font=&#8221;&#8211;et_global_heading_font|&#8211;et_global_heading_font_weight||on|||||&#8221; box_shadow_style=&#8221;preset2&#8243; locked=&#8221;off&#8221; global_colors_info=&#8221;{}&#8221;][\/et_pb_button][\/et_pb_column][\/et_pb_row][\/et_pb_section][et_pb_section fb_built=&#8221;1&#8243; _builder_version=&#8221;4.27.4&#8243; _module_preset=&#8221;default&#8221; background_color=&#8221;#871811&#8243; global_colors_info=&#8221;{}&#8221;][et_pb_row _builder_version=&#8221;4.27.4&#8243; _module_preset=&#8221;default&#8221; width=&#8221;50%&#8221; width_tablet=&#8221;70%&#8221; width_phone=&#8221;80%&#8221; width_last_edited=&#8221;on|phone&#8221; hover_enabled=&#8221;0&#8243; global_colors_info=&#8221;{}&#8221; sticky_enabled=&#8221;0&#8243;][et_pb_column type=&#8221;4_4&#8243; _builder_version=&#8221;4.27.4&#8243; _module_preset=&#8221;default&#8221; global_colors_info=&#8221;{}&#8221;][et_pb_text _builder_version=&#8221;4.27.4&#8243; _module_preset=&#8221;default&#8221; header_font=&#8221;&#8211;et_global_heading_font|700|||||||&#8221; header_text_align=&#8221;center&#8221; header_text_color=&#8221;#FFFFFF&#8221; header_font_size=&#8221;52px&#8221; header_2_font=&#8221;&#8211;et_global_heading_font|600|||||||&#8221; header_2_text_align=&#8221;center&#8221; header_2_text_color=&#8221;#FFFFFF&#8221; header_2_font_size=&#8221;24px&#8221; custom_margin=&#8221;50px||||false|false&#8221; custom_margin_tablet=&#8221;0px||||false|false&#8221; custom_margin_phone=&#8221;0px||||false|false&#8221; custom_margin_last_edited=&#8221;on|phone&#8221; header_font_size_tablet=&#8221;42px&#8221; header_font_size_phone=&#8221;26px&#8221; header_font_size_last_edited=&#8221;on|phone&#8221; header_2_font_size_tablet=&#8221;24px&#8221; header_2_font_size_phone=&#8221;17px&#8221; header_2_font_size_last_edited=&#8221;on|phone&#8221; global_colors_info=&#8221;{}&#8221; hover_enabled=&#8221;0&#8243; sticky_enabled=&#8221;0&#8243;]<\/p>\n<h1>CASAFINA Reposado no acelera el tiempo. Lo honra.<\/h1>\n<h2>Cada sorbo es una pausa intencional. Una muestra de que el lujo verdadero se madura, se comparte y se recuerda.<\/h2>\n<p>&nbsp;<\/p>\n<p>[\/et_pb_text][\/et_pb_column][\/et_pb_row][\/et_pb_section][et_pb_section fb_built=&#8221;1&#8243; disabled_on=&#8221;on|on|on&#8221; _builder_version=&#8221;4.27.4&#8243; _module_preset=&#8221;default&#8221; custom_padding=&#8221;0px||0px||false|false&#8221; disabled=&#8221;on&#8221; global_colors_info=&#8221;{}&#8221;][et_pb_row column_structure=&#8221;1_2,1_2&#8243; use_custom_gutter=&#8221;on&#8221; gutter_width=&#8221;1&#8243; make_equal=&#8221;on&#8221; _builder_version=&#8221;4.27.4&#8243; _module_preset=&#8221;default&#8221; width=&#8221;100%&#8221; max_width=&#8221;2560px&#8221; custom_margin=&#8221;0px||0px||true|false&#8221; custom_padding=&#8221;0px||0px||true|false&#8221; global_colors_info=&#8221;{}&#8221;][et_pb_column type=&#8221;1_2&#8243; _builder_version=&#8221;4.27.4&#8243; _module_preset=&#8221;default&#8221; background_color=&#8221;#871811&#8243; global_colors_info=&#8221;{}&#8221;][et_pb_image src=&#8221;https:\/\/tequilacasafina.com\/wp-content\/uploads\/2024\/02\/casafina-w.png&#8221; title_text=&#8221;casafina w&#8221; align=&#8221;center&#8221; _builder_version=&#8221;4.27.4&#8243; _module_preset=&#8221;default&#8221; animation_style=&#8221;slide&#8221; animation_direction=&#8221;left&#8221; animation_duration=&#8221;800ms&#8221; global_colors_info=&#8221;{}&#8221;][\/et_pb_image][et_pb_image src=&#8221;https:\/\/tequilacasafina.com\/wp-content\/uploads\/2024\/02\/casafina-w.png&#8221; title_text=&#8221;casafina w&#8221; align=&#8221;center&#8221; _builder_version=&#8221;4.27.4&#8243; _module_preset=&#8221;default&#8221; animation_style=&#8221;slide&#8221; animation_direction=&#8221;left&#8221; animation_duration=&#8221;800ms&#8221; global_colors_info=&#8221;{}&#8221;][\/et_pb_image][et_pb_image src=&#8221;https:\/\/tequilacasafina.com\/wp-content\/uploads\/2024\/02\/casafina-w.png&#8221; title_text=&#8221;casafina w&#8221; align=&#8221;center&#8221; _builder_version=&#8221;4.27.4&#8243; _module_preset=&#8221;default&#8221; animation_style=&#8221;slide&#8221; animation_direction=&#8221;left&#8221; animation_duration=&#8221;800ms&#8221; global_colors_info=&#8221;{}&#8221;][\/et_pb_image][et_pb_image src=&#8221;https:\/\/tequilacasafina.com\/wp-content\/uploads\/2024\/02\/casafina-w.png&#8221; title_text=&#8221;casafina w&#8221; align=&#8221;center&#8221; _builder_version=&#8221;4.27.4&#8243; _module_preset=&#8221;default&#8221; animation_style=&#8221;slide&#8221; animation_direction=&#8221;left&#8221; animation_duration=&#8221;800ms&#8221; global_colors_info=&#8221;{}&#8221;][\/et_pb_image][et_pb_image src=&#8221;https:\/\/tequilacasafina.com\/wp-content\/uploads\/2024\/02\/casafina-w.png&#8221; title_text=&#8221;casafina w&#8221; align=&#8221;center&#8221; _builder_version=&#8221;4.27.4&#8243; _module_preset=&#8221;default&#8221; animation_style=&#8221;slide&#8221; animation_direction=&#8221;left&#8221; animation_duration=&#8221;800ms&#8221; global_colors_info=&#8221;{}&#8221;][\/et_pb_image][et_pb_image src=&#8221;https:\/\/tequilacasafina.com\/wp-content\/uploads\/2024\/02\/casafina-w.png&#8221; title_text=&#8221;casafina w&#8221; align=&#8221;center&#8221; _builder_version=&#8221;4.27.4&#8243; _module_preset=&#8221;default&#8221; animation_style=&#8221;slide&#8221; animation_direction=&#8221;left&#8221; animation_duration=&#8221;800ms&#8221; global_colors_info=&#8221;{}&#8221;][\/et_pb_image][et_pb_image src=&#8221;https:\/\/tequilacasafina.com\/wp-content\/uploads\/2024\/02\/casafina-w.png&#8221; title_text=&#8221;casafina w&#8221; align=&#8221;center&#8221; _builder_version=&#8221;4.27.4&#8243; _module_preset=&#8221;default&#8221; animation_style=&#8221;slide&#8221; animation_direction=&#8221;left&#8221; animation_duration=&#8221;800ms&#8221; global_colors_info=&#8221;{}&#8221;][\/et_pb_image][\/et_pb_column][et_pb_column type=&#8221;1_2&#8243; _builder_version=&#8221;4.27.4&#8243; _module_preset=&#8221;default&#8221; global_colors_info=&#8221;{}&#8221;][et_pb_image src=&#8221;https:\/\/tequilacasafina.com\/wp-content\/uploads\/2025\/06\/REPOSADO2.png&#8221; title_text=&#8221;REPOSADO2&#8243; align=&#8221;center&#8221; force_fullwidth=&#8221;on&#8221; align_tablet=&#8221;center&#8221; align_phone=&#8221;center&#8221; align_last_edited=&#8221;on|desktop&#8221; _builder_version=&#8221;4.27.4&#8243; _module_preset=&#8221;default&#8221; global_colors_info=&#8221;{}&#8221;][\/et_pb_image][\/et_pb_column][\/et_pb_row][\/et_pb_section][et_pb_section fb_built=&#8221;1&#8243; module_id=&#8221;boton&#8221; _builder_version=&#8221;4.27.4&#8243; _module_preset=&#8221;default&#8221; background_color=&#8221;#871811&#8243; custom_margin=&#8221;0px||0px||true|false&#8221; custom_padding=&#8221;0px||||false|false&#8221; global_colors_info=&#8221;{}&#8221;][et_pb_row _builder_version=&#8221;4.27.4&#8243; _module_preset=&#8221;default&#8221; global_colors_info=&#8221;{}&#8221;][et_pb_column type=&#8221;4_4&#8243; _builder_version=&#8221;4.27.4&#8243; _module_preset=&#8221;default&#8221; global_colors_info=&#8221;{}&#8221;][et_pb_divider color=&#8221;#FFFFFF&#8221; divider_position=&#8221;center&#8221; divider_weight=&#8221;6px&#8221; _builder_version=&#8221;4.27.4&#8243; _module_preset=&#8221;default&#8221; global_colors_info=&#8221;{}&#8221;][\/et_pb_divider][et_pb_text _builder_version=&#8221;4.27.4&#8243; _module_preset=&#8221;default&#8221; text_font=&#8221;&#8211;et_global_body_font|&#8211;et_global_body_font_weight|||||||&#8221; text_text_color=&#8221;#FFFFFF&#8221; text_font_size=&#8221;24px&#8221; header_2_font=&#8221;&#8211;et_global_heading_font|&#8211;et_global_heading_font_weight||on|||||&#8221; header_2_text_color=&#8221;#FFFFFF&#8221; header_2_font_size=&#8221;36px&#8221; text_orientation=&#8221;center&#8221; text_font_size_tablet=&#8221;18px&#8221; text_font_size_phone=&#8221;18px&#8221; text_font_size_last_edited=&#8221;on|desktop&#8221; header_2_font_size_tablet=&#8221;36px&#8221; header_2_font_size_phone=&#8221;28px&#8221; header_2_font_size_last_edited=&#8221;on|phone&#8221; global_colors_info=&#8221;{}&#8221;]<\/p>\n<h2>\u00bfTe gustar\u00eda conseguir nuestro tequila?<\/h2>\n<p>Para una atenci\u00f3n personalizada, no dudes enviarnos un WhatsApp.<\/p>\n<p>[\/et_pb_text][et_pb_button button_url=&#8221;https:\/\/wa.link\/mibtmb&#8221; url_new_window=&#8221;on&#8221; button_text=&#8221;Enviar Whatsapp&#8221; button_alignment=&#8221;center&#8221; _builder_version=&#8221;4.27.4&#8243; _module_preset=&#8221;default&#8221; custom_button=&#8221;on&#8221; button_text_color=&#8221;#FFFFFF&#8221; button_bg_color=&#8221;#00bc42&#8243; button_border_color=&#8221;#FFFFFF&#8221; button_border_radius=&#8221;25px&#8221; button_icon=&#8221;&#xf232;||fa||400&#8243; button_icon_placement=&#8221;left&#8221; button_on_hover=&#8221;off&#8221; button_text_size_last_edited=&#8221;off|desktop&#8221; box_shadow_style=&#8221;preset3&#8243; locked=&#8221;off&#8221; global_colors_info=&#8221;{}&#8221; button_text_size__hover_enabled=&#8221;on|hover&#8221; button_text_size__hover=&#8221;24px&#8221;][\/et_pb_button][\/et_pb_column][\/et_pb_row][\/et_pb_section]<\/p>\n","protected":false},"excerpt":{"rendered":"<p>TEQUILA CASAFINA REPOSADO Tiempo, madera y esencia: un tequila que madura con intenci\u00f3n. &nbsp;Aromas que cuentan historias: Agave cocido caramelizado, con profundidad y dulzura C\u00e1scara de naranja seca y almendra tostada Frutas cocidas: manzana asada, pera madura Madera suave (vainilla, coco, roble ligero) Sutiles toques de caf\u00e9 claro, nuez moscada, canela, y un toque de [&hellip;]<\/p>\n","protected":false},"author":1,"featured_media":0,"parent":0,"menu_order":0,"comment_status":"closed","ping_status":"closed","template":"","meta":{"_et_pb_use_builder":"on","_et_pb_old_content":"<!-- wp:divi\/placeholder \/-->","_et_gb_content_width":"","footnotes":""},"difl_page_category":[],"class_list":["post-279581","page","type-page","status-publish","hentry"],"_links":{"self":[{"href":"https:\/\/tequilacasafina.com\/en\/wp-json\/wp\/v2\/pages\/279581","targetHints":{"allow":["GET"]}}],"collection":[{"href":"https:\/\/tequilacasafina.com\/en\/wp-json\/wp\/v2\/pages"}],"about":[{"href":"https:\/\/tequilacasafina.com\/en\/wp-json\/wp\/v2\/types\/page"}],"author":[{"embeddable":true,"href":"https:\/\/tequilacasafina.com\/en\/wp-json\/wp\/v2\/users\/1"}],"replies":[{"embeddable":true,"href":"https:\/\/tequilacasafina.com\/en\/wp-json\/wp\/v2\/comments?post=279581"}],"version-history":[{"count":17,"href":"https:\/\/tequilacasafina.com\/en\/wp-json\/wp\/v2\/pages\/279581\/revisions"}],"predecessor-version":[{"id":279964,"href":"https:\/\/tequilacasafina.com\/en\/wp-json\/wp\/v2\/pages\/279581\/revisions\/279964"}],"wp:attachment":[{"href":"https:\/\/tequilacasafina.com\/en\/wp-json\/wp\/v2\/media?parent=279581"}],"wp:term":[{"taxonomy":"difl_page_category","embeddable":true,"href":"https:\/\/tequilacasafina.com\/en\/wp-json\/wp\/v2\/difl_page_category?post=279581"}],"curies":[{"name":"wp","href":"https:\/\/api.w.org\/{rel}","templated":true}]}}